{"id":19461,"date":"2021-10-05T12:39:00","date_gmt":"2021-10-05T04:39:00","guid":{"rendered":"https:\/\/cloudasia.com\/cloudasia-kim-loai-tran\/"},"modified":"2021-10-28T19:06:18","modified_gmt":"2021-10-28T11:06:18","slug":"cloudasia-kim-loai-tran","status":"publish","type":"page","link":"https:\/\/cloudasia.com\/vi\/cloudasia-kim-loai-tran\/","title":{"rendered":"Bare Metal Hosting | L\u01b0u tr\u1eef trang web an to\u00e0n | CloudAsia"},"content":{"rendered":"\t\t<div data-elementor-type=\"wp-page\" data-elementor-id=\"19461\" class=\"elementor elementor-19461 elementor-1929\">\n\t\t\t\t\t\t<div class=\"elementor-section elementor-top-section elementor-element elementor-element-8804869 elementor-section-full_width elementor-section-stretched elementor-section-height-default elementor-section-height-default\" data-id=\"8804869\" data-element_type=\"section\" data-e-type=\"section\" data-settings=\"{&quot;stretch_section&quot;:&quot;section-stretched&quot;,&quot;background_background&quot;:&quot;classic&quot;}\">\n\t\t\t\t\t\t\t<div class=\"elementor-background-overlay\"><\/div>\n\t\t\t\t\t\t\t<div class=\"elementor-container elementor-column-gap-default\">\n\t\t\t\t\t<div class=\"elementor-column elementor-col-100 elementor-top-column elementor-element elementor-element-5c241c2\" data-id=\"5c241c2\" data-element_type=\"column\" data-e-type=\"column\">\n\t\t\t<div class=\"elementor-widget-wrap elementor-element-populated\">\n\t\t\t\t\t\t<div class=\"elementor-section elementor-inner-section elementor-element elementor-element-2090ffe elementor-section-boxed elementor-section-height-default elementor-section-height-default\" data-id=\"2090ffe\" data-element_type=\"section\" data-e-type=\"section\">\n\t\t\t\t\t\t<div class=\"elementor-container elementor-column-gap-default\">\n\t\t\t\t\t<div class=\"elementor-column elementor-col-100 elementor-inner-column elementor-element elementor-element-ac9167a\" data-id=\"ac9167a\" data-element_type=\"column\" data-e-type=\"column\">\n\t\t\t<div class=\"elementor-widget-wrap elementor-element-populated\">\n\t\t\t\t\t\t<div class=\"elementor-element elementor-element-2b1f9f4 elementor-widget elementor-widget-section_title\" data-id=\"2b1f9f4\" data-element_type=\"widget\" data-e-type=\"widget\" data-widget_type=\"section_title.default\">\n\t\t\t\t<div class=\"elementor-widget-container\">\n\t\t\t\t\t<div class=\"pt-section-title-1 text-center\">   \r\n   \t\t\r\n     \t<h2 class=\"pt-section-title\">kim lo\u1ea1i tr\u1ea7n L\u01b0u tr\u1eef t\u1eeb CloudAsia<\/h2>     \t<p class=\"pt-section-description\">L\u01b0u tr\u1eef trang web c\u1ee7a b\u1ea1n b\u1eb1ng m\u1ed9t m\u00e1y ch\u1ee7 kim lo\u1ea1i tr\u1ea7n hi\u1ec7u su\u1ea5t cao do CloudAsia mang \u0111\u1ebfn cho b\u1ea1n. Kh\u00e1m ph\u00e1 s\u1ee9c m\u1ea1nh v\u00f4 song v\u00e0 t\u1eadn d\u1ee5ng kh\u1ea3 n\u0103ng b\u1ea3o m\u1eadt, \u0111\u1ed9 tin c\u1eady v\u00e0 l\u01b0u tr\u1eef trang web t\u1ed1i \u01b0u v\u1edbi 99,99% th\u1eddi gian ho\u1ea1t \u0111\u1ed9ng. V\u00ec ch\u00fang t\u00f4i c\u00f3 th\u1ec3 cung c\u1ea5p d\u1ecbch v\u1ee5 l\u01b0u tr\u1eef b\u1eb1ng kim lo\u1ea1i tr\u1ea7n tr\u00ean c\u01a1 s\u1edf h\u1ea1 t\u1ea7ng chuy\u00ean d\u1ee5ng ho\u00e0n to\u00e0n ph\u00f9 h\u1ee3p v\u1edbi nhu c\u1ea7u kinh doanh ri\u00eang c\u1ee7a b\u1ea1n, vui l\u00f2ng li\u00ean h\u1ec7 v\u1edbi nh\u00f3m c\u1ee7a ch\u00fang t\u00f4i t\u1ea1i CloudAsia ngay h\u00f4m nay \u0111\u1ec3 nh\u1eadn b\u00e1o gi\u00e1 t\u00f9y ch\u1ec9nh.   \r\n<\/div>\t\t\t\t<\/div>\n\t\t\t\t<\/div>\n\t\t\t\t<div class=\"elementor-element elementor-element-1185f98 elementor-align-center elementor-widget elementor-widget-button\" data-id=\"1185f98\" data-element_type=\"widget\" data-e-type=\"widget\" data-widget_type=\"button.default\">\n\t\t\t\t<div class=\"elementor-widget-container\">\n\t\t\t\t\t\t\t\t\t<div class=\"elementor-button-wrapper\">\n\t\t\t\t\t<a class=\"elementor-button elementor-button-link elementor-size-md\" href=\"https:\/\/cloudasia.com\/vi\/cloudasia-kim-loai-tran\/#bare-metal\">\n\t\t\t\t\t\t<span class=\"elementor-button-content-wrapper\">\n\t\t\t\t\t\t\t\t\t<span class=\"elementor-button-text\">H\u00ecnh th\u1ee9c m\u1edbi<\/span>\n\t\t\t\t\t<\/span>\n\t\t\t\t\t<\/a>\n\t\t\t\t<\/div>\n\t\t\t\t\t\t\t\t<\/div>\n\t\t\t\t<\/div>\n\t\t\t\t\t<\/div>\n\t\t<\/div>\n\t\t\t\t\t<\/div>\n\t\t<\/div>\n\t\t\t\t<div class=\"elementor-section elementor-inner-section elementor-element elementor-element-15033b2 elementor-section-boxed elementor-section-height-default elementor-section-height-default\" data-id=\"15033b2\" data-element_type=\"section\" data-e-type=\"section\">\n\t\t\t\t\t\t<div class=\"elementor-container elementor-column-gap-default\">\n\t\t\t\t\t<div class=\"elementor-column elementor-col-50 elementor-inner-column elementor-element elementor-element-ae1ac52 elementor-invisible\" data-id=\"ae1ac52\" data-element_type=\"column\" data-e-type=\"column\" data-settings=\"{&quot;animation&quot;:&quot;fadeInLeft&quot;}\">\n\t\t\t<div class=\"elementor-widget-wrap elementor-element-populated\">\n\t\t\t\t\t\t<div class=\"elementor-element elementor-element-534aedd elementor-widget elementor-widget-image\" data-id=\"534aedd\" data-element_type=\"widget\" data-e-type=\"widget\" data-widget_type=\"image.default\">\n\t\t\t\t<div class=\"elementor-widget-container\">\n\t\t\t\t\t\t\t\t\t\t\t\t\t\t\t<img decoding=\"async\" data-src=\"https:\/\/cloudasia.com\/wp-content\/uploads\/2021\/08\/Group-513-1.svg\" class=\"attachment-full size-full wp-image-19103 lazyload\" alt=\"L\u01b0u tr\u1eef kim lo\u1ea1i tr\u1ea7n\" src=\"data:image\/svg+xml;base64,PHN2ZyB3aWR0aD0iMSIgaGVpZ2h0PSIxIiB4bWxucz0iaHR0cDovL3d3dy53My5vcmcvMjAwMC9zdmciPjwvc3ZnPg==\" \/>\t\t\t\t\t\t\t\t\t\t\t\t\t\t\t<\/div>\n\t\t\t\t<\/div>\n\t\t\t\t\t<\/div>\n\t\t<\/div>\n\t\t\t\t<div class=\"elementor-column elementor-col-50 elementor-inner-column elementor-element elementor-element-956468d\" data-id=\"956468d\" data-element_type=\"column\" data-e-type=\"column\" data-settings=\"{&quot;animation&quot;:&quot;none&quot;,&quot;background_background&quot;:&quot;classic&quot;}\">\n\t\t\t<div class=\"elementor-widget-wrap elementor-element-populated\">\n\t\t\t\t\t\t<div class=\"elementor-element elementor-element-1a2fd90 elementor-widget elementor-widget-heading\" data-id=\"1a2fd90\" data-element_type=\"widget\" data-e-type=\"widget\" data-widget_type=\"heading.default\">\n\t\t\t\t<div class=\"elementor-widget-container\">\n\t\t\t\t\t<h2 class=\"elementor-heading-title elementor-size-default\">L\u01b0u tr\u1eef kim lo\u1ea1i tr\u1ea7n l\u00e0 g\u00ec?<\/h2>\t\t\t\t<\/div>\n\t\t\t\t<\/div>\n\t\t\t\t<div class=\"elementor-element elementor-element-3911b30 elementor-widget elementor-widget-text-editor\" data-id=\"3911b30\" data-element_type=\"widget\" data-e-type=\"widget\" data-widget_type=\"text-editor.default\">\n\t\t\t\t<div class=\"elementor-widget-container\">\n\t\t\t\t\t\t\t\t\t<p>Kh\u00f4ng gi\u1ed1ng nh\u01b0 c\u00e1c lo\u1ea1i gi\u1ea3i ph\u00e1p l\u01b0u tr\u1eef trang web kh\u00e1c, m\u00e1y ch\u1ee7 kim lo\u1ea1i tr\u1ea7n l\u00e0 m\u1ed9t m\u00e1y ch\u1ee7 v\u1eadt l\u00fd cung c\u1ea5p m\u1ed9t m\u00e1y kh\u00e1ch v\u1edbi hi\u1ec7u su\u1ea5t, b\u1ea3o m\u1eadt v\u00e0 \u0111\u1ed9 tin c\u1eady cao. \u0110\u00f4i khi \u0111\u01b0\u1ee3c g\u1ecdi l\u00e0 m\u00e1y ch\u1ee7 v\u1eadt l\u00fd cho m\u1ed9t ng\u01b0\u1eddi thu\u00ea ho\u1eb7c c\u00e1c l\u1ea7n ph\u1ee5c v\u1ee5 chuy\u00ean d\u1ee5ng \u0111\u01b0\u1ee3c qu\u1ea3n l\u00fd, \u0111\u00e2y l\u00e0 l\u1ef1a ch\u1ecdn t\u1ed1t nh\u1ea5t n\u1ebfu b\u1ea1n \u0111ang t\u00ecm ki\u1ebfm s\u1ef1 \u0111\u1ed9c quy\u1ec1n khi n\u00f3i \u0111\u1ebfn l\u01b0u tr\u1eef trang web. S\u1eed d\u1ee5ng d\u1ecbch v\u1ee5 l\u01b0u tr\u1eef b\u1eb1ng kim lo\u1ea1i tr\u1ea7n c\u00f9ng v\u1edbi trung t\u00e2m d\u1eef li\u1ec7u chuy\u00ean d\u1ee5ng v\u00e0 \u0111\u01b0a ho\u1ea1t \u0111\u1ed9ng kinh doanh tr\u1ef1c tuy\u1ebfn c\u1ee7a b\u1ea1n l\u00ean m\u1ed9t t\u1ea7m cao m\u1edbi.<\/p>\n\t\t\t\t\t\t\t\t<\/div>\n\t\t\t\t<\/div>\n\t\t\t\t\t<\/div>\n\t\t<\/div>\n\t\t\t\t\t<\/div>\n\t\t<\/div>\n\t\t\t\t\t<\/div>\n\t\t<\/div>\n\t\t\t\t\t<\/div>\n\t\t<\/div>\n\t\t\t\t<div class=\"elementor-section elementor-top-section elementor-element elementor-element-b1aa11f elementor-section-stretched elementor-section-boxed elementor-section-height-default elementor-section-height-default\" data-id=\"b1aa11f\" data-element_type=\"section\" data-e-type=\"section\" data-settings=\"{&quot;stretch_section&quot;:&quot;section-stretched&quot;}\">\n\t\t\t\t\t\t<div class=\"elementor-container elementor-column-gap-default\">\n\t\t\t\t\t<div class=\"elementor-column elementor-col-100 elementor-top-column elementor-element elementor-element-ed542cf\" data-id=\"ed542cf\" data-element_type=\"column\" data-e-type=\"column\">\n\t\t\t<div class=\"elementor-widget-wrap elementor-element-populated\">\n\t\t\t\t\t\t<div class=\"elementor-element elementor-element-5a01de8 elementor-widget elementor-widget-section_title\" data-id=\"5a01de8\" data-element_type=\"widget\" data-e-type=\"widget\" id=\"bare-metal\" data-widget_type=\"section_title.default\">\n\t\t\t\t<div class=\"elementor-widget-container\">\n\t\t\t\t\t<div class=\"pt-section-title-1 text-center\">   \r\n   \t\t\r\n     \t<h2 class=\"pt-section-title\">L\u1ee3i \u00edch c\u1ee7a m\u00e1y ch\u1ee7 kim lo\u1ea1i tr\u1ea7n<\/h2>     \t<p class=\"pt-section-description\"><br>\nM\u1ed9t trong nh\u1eefng l\u1ee3i \u00edch ch\u00ednh c\u1ee7a vi\u1ec7c s\u1eed d\u1ee5ng m\u00e1y ch\u1ee7 kim lo\u1ea1i tr\u1ea7n l\u00e0 b\u1ea1n c\u00f3 th\u1ec3 c\u00e1ch ly v\u00e0 b\u1ea3o v\u1ec7 d\u1eef li\u1ec7u, t\u00e0i nguy\u00ean quan tr\u1ecdng v\u00e0 c\u00e1c \u1ee9ng d\u1ee5ng nh\u1ea1y c\u1ea3m v\u1edbi hi\u1ec7u su\u1ea5t. \u0110i\u1ec1u n\u00e0y l\u00e0m cho lo\u1ea1i l\u01b0u tr\u1eef trang web n\u00e0y tr\u1edf n\u00ean l\u00fd t\u01b0\u1edfng cho nh\u1eefng ng\u01b0\u1eddi x\u1eed l\u00fd d\u1eef li\u1ec7u kh\u00e1ch h\u00e0ng v\u00e0 th\u00f4ng tin kinh doanh c\u00f3 \u0111\u1ed9 nh\u1ea1y c\u1ea3m cao. Ph\u1ed5 bi\u1ebfn trong c\u00e1c ng\u00e0nh t\u00e0i ch\u00ednh, ch\u0103m s\u00f3c s\u1ee9c kh\u1ecfe, ch\u00ednh ph\u1ee7 v\u00e0 b\u00e1n l\u1ebb tr\u00ean to\u00e0n th\u1ebf gi\u1edbi, m\u1ed9t m\u00e1y ch\u1ee7 kim lo\u1ea1i tr\u1ea7n c\u00f3 th\u1ec3 gi\u00fap c\u00e1c t\u1ed5 ch\u1ee9c \u0111\u00e1p \u1ee9ng v\u00e0 tu\u00e2n th\u1ee7 c\u00e1c quy \u0111\u1ecbnh tu\u00e2n th\u1ee7 nghi\u00eam ng\u1eb7t v\u00e0 n\u00e2ng c\u1ea5p m\u1ee9c \u0111\u1ed9 b\u1ea3o m\u1eadt c\u1ee7a h\u1ecd ngay l\u1eadp t\u1ee9c.\n<br> <br>\nM\u1ed9t l\u1ee3i \u00edch ch\u00ednh kh\u00e1c c\u1ee7a vi\u1ec7c s\u1eed d\u1ee5ng l\u01b0u tr\u1eef kim lo\u1ea1i tr\u1ea7n thay v\u00ec l\u01b0u tr\u1eef chia s\u1ebb l\u00e0 c\u00e1c d\u1ecbch v\u1ee5 chuy\u00ean d\u1ee5ng c\u00f3 th\u1ec3 x\u1eed l\u00fd t\u1ed1t h\u01a1n vi\u1ec7c x\u1eed l\u00fd d\u1eef li\u1ec7u l\u1edbn v\u00e0 c\u00e1c \u1ee9ng d\u1ee5ng ph\u1ee9c t\u1ea1p. V\u00ec v\u1eady, n\u1ebfu doanh nghi\u1ec7p c\u1ee7a b\u1ea1n y\u00eau c\u1ea7u hi\u1ec7u su\u1ea5t v\u00e0 t\u1ed1c \u0111\u1ed9 tuy\u1ec7t \u0111\u1ed1i \u0111\u1ec3 h\u1ed7 tr\u1ee3 c\u00e1c \u1ee9ng d\u1ee5ng v\u00e0 kh\u1ed1i l\u01b0\u1ee3ng c\u00f4ng vi\u1ec7c n\u1eb7ng, th\u00ec m\u00e1y ch\u1ee7 kim lo\u1ea1i tr\u1ea7n c\u00f3 th\u1ec3 ph\u00f9 h\u1ee3p v\u1edbi b\u1ea1n!\n<br> <br>\n\u0110\u1ec3 c\u00f3 g\u00f3i l\u01b0u tr\u1eef trang web si\u00eau an to\u00e0n, chuy\u00ean d\u1ee5ng v\u00e0 d\u1ef1a tr\u00ean hi\u1ec7u su\u1ea5t, h\u00e3y n\u00f3i chuy\u1ec7n v\u1edbi nh\u00f3m c\u1ee7a ch\u00fang t\u00f4i t\u1ea1i CloudAsia ngay h\u00f4m nay v\u1ec1 c\u00e1c g\u00f3i m\u00e1y ch\u1ee7 kim lo\u1ea1i tr\u1ea7n c\u1ee7a ch\u00fang t\u00f4i.   \r\n<\/div>\t\t\t\t<\/div>\n\t\t\t\t<\/div>\n\t\t\t\t<div class=\"elementor-element elementor-element-0ecffd7 elementor-button-align-stretch elementor-widget elementor-widget-form\" data-id=\"0ecffd7\" data-element_type=\"widget\" data-e-type=\"widget\" data-settings=\"{&quot;step_next_label&quot;:&quot;K\\u1ebf ti\\u1ebfp&quot;,&quot;step_previous_label&quot;:&quot;Tr\\u01b0\\u1edbc&quot;,&quot;button_width&quot;:&quot;100&quot;,&quot;step_type&quot;:&quot;number_text&quot;,&quot;step_icon_shape&quot;:&quot;circle&quot;}\" data-widget_type=\"form.default\">\n\t\t\t\t<div class=\"elementor-widget-container\">\n\t\t\t\t\t\t\t<form class=\"elementor-form\" method=\"post\" name=\"Kim lo\u1ea1i tr\u1ea7n\">\n\t\t\t<input type=\"hidden\" name=\"post_id\" value=\"19461\"\/>\n\t\t\t<input type=\"hidden\" name=\"form_id\" value=\"0ecffd7\"\/>\n\t\t\t<input type=\"hidden\" name=\"referer_title\" value=\"CloudAsia\" \/>\n\n\t\t\t\n\t\t\t<div class=\"elementor-form-fields-wrapper elementor-labels-above\">\n\t\t\t\t\t\t\t\t<div class=\"elementor-field-type-text elementor-field-group elementor-column elementor-field-group-name elementor-col-100 elementor-field-required elementor-mark-required\">\n\t\t\t\t\t\t\t\t\t\t\t\t\t<input size=\"1\" type=\"text\" name=\"form_fields[name]\" id=\"form-field-name\" class=\"elementor-field elementor-size-md  elementor-field-textual\" placeholder=\"T\u00ean*\" required=\"required\" aria-required=\"true\">\n\t\t\t\t\t\t\t\t\t\t\t<\/div>\n\t\t\t\t\t\t\t\t<div class=\"elementor-field-type-email elementor-field-group elementor-column elementor-field-group-email elementor-col-100 elementor-field-required elementor-mark-required\">\n\t\t\t\t\t\t\t\t\t\t\t\t\t<input size=\"1\" type=\"email\" name=\"form_fields[email]\" id=\"form-field-email\" class=\"elementor-field elementor-size-md  elementor-field-textual\" placeholder=\"E-mail*\" required=\"required\" aria-required=\"true\">\n\t\t\t\t\t\t\t\t\t\t\t<\/div>\n\t\t\t\t\t\t\t\t<div class=\"elementor-field-type-tel elementor-field-group elementor-column elementor-field-group-field_e087876 elementor-col-100 elementor-field-required elementor-mark-required\">\n\t\t\t\t\t\t\t<input size=\"1\" type=\"tel\" name=\"form_fields[field_e087876]\" id=\"form-field-field_e087876\" class=\"elementor-field elementor-size-md  elementor-field-textual\" placeholder=\"S\u1ed1 \u0111i\u1ec7n tho\u1ea1i*\" required=\"required\" aria-required=\"true\" pattern=\"[0-9()#&amp;+*-=.]+\" title=\"Only numbers and phone characters (#, -, *, etc) are accepted.\">\n\n\t\t\t\t\t\t<\/div>\n\t\t\t\t\t\t\t\t<div class=\"elementor-field-type-text elementor-field-group elementor-column elementor-field-group-field_d82b678 elementor-col-100\">\n\t\t\t\t\t\t\t\t\t\t\t\t\t<input size=\"1\" type=\"text\" name=\"form_fields[field_d82b678]\" id=\"form-field-field_d82b678\" class=\"elementor-field elementor-size-md  elementor-field-textual\" placeholder=\"Ch\u1ee7 th\u1ec3\">\n\t\t\t\t\t\t\t\t\t\t\t<\/div>\n\t\t\t\t\t\t\t\t<div class=\"elementor-field-type-textarea elementor-field-group elementor-column elementor-field-group-message elementor-col-100\">\n\t\t\t\t\t<textarea class=\"elementor-field-textual elementor-field  elementor-size-md\" name=\"form_fields[message]\" id=\"form-field-message\" rows=\"7\" placeholder=\"Th\u00f4ng \u0111i\u1ec7p\"><\/textarea>\t\t\t\t<\/div>\n\t\t\t\t\t\t\t\t<div class=\"elementor-field-group elementor-column elementor-field-type-submit elementor-col-100 e-form__buttons\">\n\t\t\t\t\t<button type=\"submit\" class=\"elementor-button elementor-size-md\">\n\t\t\t\t\t\t<span >\n\t\t\t\t\t\t\t\t\t\t\t\t\t\t\t<span class=\" elementor-button-icon\">\n\t\t\t\t\t\t\t\t\t\t\t\t\t\t\t\t\t\t\t\t\t\t\t\t\t\t<\/span>\n\t\t\t\t\t\t\t\t\t\t\t\t\t\t\t\t\t\t\t\t\t\t<span class=\"elementor-button-text\">G\u1eedi<\/span>\n\t\t\t\t\t\t\t\t\t\t\t\t\t<\/span>\n\t\t\t\t\t<\/button>\n\t\t\t\t<\/div>\n\t\t\t<\/div>\n\t\t<\/form>\n\t\t\t\t\t\t<\/div>\n\t\t\t\t<\/div>\n\t\t\t\t\t<\/div>\n\t\t<\/div>\n\t\t\t\t\t<\/div>\n\t\t<\/div>\n\t\t\t\t<\/div>\n\t\t","protected":false},"excerpt":{"rendered":"<p>kim lo\u1ea1i tr\u1ea7n L\u01b0u tr\u1eef t\u1eeb CloudAsia L\u01b0u tr\u1eef trang web c\u1ee7a b\u1ea1n b\u1eb1ng m\u1ed9t m\u00e1y ch\u1ee7 kim lo\u1ea1i tr\u1ea7n hi\u1ec7u su\u1ea5t cao do CloudAsia mang \u0111\u1ebfn cho b\u1ea1n. Kh\u00e1m ph\u00e1 s\u1ee9c m\u1ea1nh v\u00f4 song v\u00e0 t\u1eadn d\u1ee5ng kh\u1ea3 n\u0103ng b\u1ea3o m\u1eadt, \u0111\u1ed9 tin c\u1eady v\u00e0 l\u01b0u tr\u1eef trang web t\u1ed1i \u01b0u v\u1edbi 99,99% th\u1eddi [&hellip;]<\/p>\n","protected":false},"author":4,"featured_media":0,"parent":0,"menu_order":0,"comment_status":"closed","ping_status":"closed","template":"","meta":{"_acf_changed":false,"footnotes":""},"class_list":["post-19461","page","type-page","status-publish","hentry"],"acf":[],"yoast_head":"<!-- This site is optimized with the Yoast SEO Premium plugin v25.9 (Yoast SEO v27.4) - https:\/\/yoast.com\/product\/yoast-seo-premium-wordpress\/ -->\n<title>Bare Metal Hosting | L\u01b0u tr\u1eef trang web an to\u00e0n | CloudAsia<\/title>\n<meta name=\"description\" content=\"Kh\u00e1m ph\u00e1 c\u00e1c m\u00e1y ch\u1ee7 kim lo\u1ea1i tr\u1ea7n chuy\u00ean d\u1ee5ng hi\u1ec7u su\u1ea5t cao, s\u1eb5n s\u00e0ng \u0111\u00e1p \u1ee9ng c\u00e1c nhu c\u1ea7u l\u01b0u tr\u1eef trang web kh\u1eaft khe nh\u1ea5t c\u1ee7a c\u00f4ng ty b\u1ea1n.\" \/>\n<meta name=\"robots\" content=\"index, follow, max-snippet:-1, max-image-preview:large, max-video-preview:-1\" \/>\n<link rel=\"canonical\" href=\"https:\/\/cloudasia.com\/vi\/cloudasia-kim-loai-tran\/\" \/>\n<meta property=\"og:locale\" content=\"vi_VN\" \/>\n<meta property=\"og:type\" content=\"article\" \/>\n<meta property=\"og:title\" content=\"Bare Metal Hosting | L\u01b0u tr\u1eef trang web an to\u00e0n | CloudAsia\" \/>\n<meta property=\"og:description\" content=\"Kh\u00e1m ph\u00e1 c\u00e1c m\u00e1y ch\u1ee7 kim lo\u1ea1i tr\u1ea7n chuy\u00ean d\u1ee5ng hi\u1ec7u su\u1ea5t cao, s\u1eb5n s\u00e0ng \u0111\u00e1p \u1ee9ng c\u00e1c nhu c\u1ea7u l\u01b0u tr\u1eef trang web kh\u1eaft khe nh\u1ea5t c\u1ee7a c\u00f4ng ty b\u1ea1n.\" \/>\n<meta property=\"og:url\" content=\"https:\/\/cloudasia.com\/vi\/cloudasia-kim-loai-tran\/\" \/>\n<meta property=\"og:site_name\" content=\"CloudAsia\" \/>\n<meta property=\"article:publisher\" content=\"https:\/\/www.facebook.com\/CloudAsiaHosting\" \/>\n<meta property=\"article:modified_time\" content=\"2021-10-28T11:06:18+00:00\" \/>\n<meta property=\"og:image\" content=\"https:\/\/cloudasia.com\/wp-content\/uploads\/2021\/08\/Group-513-1.svg\" \/>\n<meta name=\"twitter:card\" content=\"summary_large_image\" \/>\n<meta name=\"twitter:site\" content=\"@CloudAsiaHost\" \/>\n<meta name=\"twitter:label1\" content=\"Est. reading time\" \/>\n\t<meta name=\"twitter:data1\" content=\"3 minutes\" \/>\n<script type=\"application\/ld+json\" class=\"yoast-schema-graph\">{\"@context\":\"https:\\\/\\\/schema.org\",\"@graph\":[{\"@type\":\"WebPage\",\"@id\":\"https:\\\/\\\/cloudasia.com\\\/vi\\\/cloudasia-kim-loai-tran\\\/\",\"url\":\"https:\\\/\\\/cloudasia.com\\\/vi\\\/cloudasia-kim-loai-tran\\\/\",\"name\":\"Bare Metal Hosting | L\u01b0u tr\u1eef trang web an to\u00e0n | CloudAsia\",\"isPartOf\":{\"@id\":\"https:\\\/\\\/cloudasia.com\\\/vi\\\/#website\"},\"primaryImageOfPage\":{\"@id\":\"https:\\\/\\\/cloudasia.com\\\/vi\\\/cloudasia-kim-loai-tran\\\/#primaryimage\"},\"image\":{\"@id\":\"https:\\\/\\\/cloudasia.com\\\/vi\\\/cloudasia-kim-loai-tran\\\/#primaryimage\"},\"thumbnailUrl\":\"https:\\\/\\\/cloudasia.com\\\/wp-content\\\/uploads\\\/2021\\\/08\\\/Group-513-1.svg\",\"datePublished\":\"2021-10-05T04:39:00+00:00\",\"dateModified\":\"2021-10-28T11:06:18+00:00\",\"description\":\"Kh\u00e1m ph\u00e1 c\u00e1c m\u00e1y ch\u1ee7 kim lo\u1ea1i tr\u1ea7n chuy\u00ean d\u1ee5ng hi\u1ec7u su\u1ea5t cao, s\u1eb5n s\u00e0ng \u0111\u00e1p \u1ee9ng c\u00e1c nhu c\u1ea7u l\u01b0u tr\u1eef trang web kh\u1eaft khe nh\u1ea5t c\u1ee7a c\u00f4ng ty b\u1ea1n.\",\"breadcrumb\":{\"@id\":\"https:\\\/\\\/cloudasia.com\\\/vi\\\/cloudasia-kim-loai-tran\\\/#breadcrumb\"},\"inLanguage\":\"vi-VN\",\"potentialAction\":[{\"@type\":\"ReadAction\",\"target\":[\"https:\\\/\\\/cloudasia.com\\\/vi\\\/cloudasia-kim-loai-tran\\\/\"]}]},{\"@type\":\"ImageObject\",\"inLanguage\":\"vi-VN\",\"@id\":\"https:\\\/\\\/cloudasia.com\\\/vi\\\/cloudasia-kim-loai-tran\\\/#primaryimage\",\"url\":\"https:\\\/\\\/cloudasia.com\\\/wp-content\\\/uploads\\\/2021\\\/08\\\/Group-513-1.svg\",\"contentUrl\":\"https:\\\/\\\/cloudasia.com\\\/wp-content\\\/uploads\\\/2021\\\/08\\\/Group-513-1.svg\"},{\"@type\":\"BreadcrumbList\",\"@id\":\"https:\\\/\\\/cloudasia.com\\\/vi\\\/cloudasia-kim-loai-tran\\\/#breadcrumb\",\"itemListElement\":[{\"@type\":\"ListItem\",\"position\":1,\"name\":\"Home\",\"item\":\"https:\\\/\\\/cloudasia.com\\\/vi\\\/cloudasia-nha\\\/\"},{\"@type\":\"ListItem\",\"position\":2,\"name\":\"Bare Metal Hosting | L\u01b0u tr\u1eef trang web an to\u00e0n | CloudAsia\"}]},{\"@type\":\"WebSite\",\"@id\":\"https:\\\/\\\/cloudasia.com\\\/vi\\\/#website\",\"url\":\"https:\\\/\\\/cloudasia.com\\\/vi\\\/\",\"name\":\"CloudAsia\",\"description\":\"Asia&#039;s premier hosting provider\",\"publisher\":{\"@id\":\"https:\\\/\\\/cloudasia.com\\\/vi\\\/#organization\"},\"potentialAction\":[{\"@type\":\"SearchAction\",\"target\":{\"@type\":\"EntryPoint\",\"urlTemplate\":\"https:\\\/\\\/cloudasia.com\\\/vi\\\/?s={search_term_string}\"},\"query-input\":{\"@type\":\"PropertyValueSpecification\",\"valueRequired\":true,\"valueName\":\"search_term_string\"}}],\"inLanguage\":\"vi-VN\"},{\"@type\":\"Organization\",\"@id\":\"https:\\\/\\\/cloudasia.com\\\/vi\\\/#organization\",\"name\":\"CloudAsia\",\"url\":\"https:\\\/\\\/cloudasia.com\\\/vi\\\/\",\"logo\":{\"@type\":\"ImageObject\",\"inLanguage\":\"vi-VN\",\"@id\":\"https:\\\/\\\/cloudasia.com\\\/vi\\\/#\\\/schema\\\/logo\\\/image\\\/\",\"url\":\"https:\\\/\\\/cloudasia.com\\\/wp-content\\\/uploads\\\/2021\\\/05\\\/Logo-500x150-1.png\",\"contentUrl\":\"https:\\\/\\\/cloudasia.com\\\/wp-content\\\/uploads\\\/2021\\\/05\\\/Logo-500x150-1.png\",\"width\":500,\"height\":149,\"caption\":\"CloudAsia\"},\"image\":{\"@id\":\"https:\\\/\\\/cloudasia.com\\\/vi\\\/#\\\/schema\\\/logo\\\/image\\\/\"},\"sameAs\":[\"https:\\\/\\\/www.facebook.com\\\/CloudAsiaHosting\",\"https:\\\/\\\/x.com\\\/CloudAsiaHost\",\"https:\\\/\\\/linkedin.com\\\/company\\\/cloudasia\"]}]}<\/script>\n<!-- \/ Yoast SEO Premium plugin. -->","yoast_head_json":{"title":"Bare Metal Hosting | L\u01b0u tr\u1eef trang web an to\u00e0n | CloudAsia","description":"Kh\u00e1m ph\u00e1 c\u00e1c m\u00e1y ch\u1ee7 kim lo\u1ea1i tr\u1ea7n chuy\u00ean d\u1ee5ng hi\u1ec7u su\u1ea5t cao, s\u1eb5n s\u00e0ng \u0111\u00e1p \u1ee9ng c\u00e1c nhu c\u1ea7u l\u01b0u tr\u1eef trang web kh\u1eaft khe nh\u1ea5t c\u1ee7a c\u00f4ng ty b\u1ea1n.","robots":{"index":"index","follow":"follow","max-snippet":"max-snippet:-1","max-image-preview":"max-image-preview:large","max-video-preview":"max-video-preview:-1"},"canonical":"https:\/\/cloudasia.com\/vi\/cloudasia-kim-loai-tran\/","og_locale":"vi_VN","og_type":"article","og_title":"Bare Metal Hosting | L\u01b0u tr\u1eef trang web an to\u00e0n | CloudAsia","og_description":"Kh\u00e1m ph\u00e1 c\u00e1c m\u00e1y ch\u1ee7 kim lo\u1ea1i tr\u1ea7n chuy\u00ean d\u1ee5ng hi\u1ec7u su\u1ea5t cao, s\u1eb5n s\u00e0ng \u0111\u00e1p \u1ee9ng c\u00e1c nhu c\u1ea7u l\u01b0u tr\u1eef trang web kh\u1eaft khe nh\u1ea5t c\u1ee7a c\u00f4ng ty b\u1ea1n.","og_url":"https:\/\/cloudasia.com\/vi\/cloudasia-kim-loai-tran\/","og_site_name":"CloudAsia","article_publisher":"https:\/\/www.facebook.com\/CloudAsiaHosting","article_modified_time":"2021-10-28T11:06:18+00:00","og_image":[{"url":"https:\/\/cloudasia.com\/wp-content\/uploads\/2021\/08\/Group-513-1.svg","type":"","width":"","height":""}],"twitter_card":"summary_large_image","twitter_site":"@CloudAsiaHost","twitter_misc":{"Est. reading time":"3 minutes"},"schema":{"@context":"https:\/\/schema.org","@graph":[{"@type":"WebPage","@id":"https:\/\/cloudasia.com\/vi\/cloudasia-kim-loai-tran\/","url":"https:\/\/cloudasia.com\/vi\/cloudasia-kim-loai-tran\/","name":"Bare Metal Hosting | L\u01b0u tr\u1eef trang web an to\u00e0n | CloudAsia","isPartOf":{"@id":"https:\/\/cloudasia.com\/vi\/#website"},"primaryImageOfPage":{"@id":"https:\/\/cloudasia.com\/vi\/cloudasia-kim-loai-tran\/#primaryimage"},"image":{"@id":"https:\/\/cloudasia.com\/vi\/cloudasia-kim-loai-tran\/#primaryimage"},"thumbnailUrl":"https:\/\/cloudasia.com\/wp-content\/uploads\/2021\/08\/Group-513-1.svg","datePublished":"2021-10-05T04:39:00+00:00","dateModified":"2021-10-28T11:06:18+00:00","description":"Kh\u00e1m ph\u00e1 c\u00e1c m\u00e1y ch\u1ee7 kim lo\u1ea1i tr\u1ea7n chuy\u00ean d\u1ee5ng hi\u1ec7u su\u1ea5t cao, s\u1eb5n s\u00e0ng \u0111\u00e1p \u1ee9ng c\u00e1c nhu c\u1ea7u l\u01b0u tr\u1eef trang web kh\u1eaft khe nh\u1ea5t c\u1ee7a c\u00f4ng ty b\u1ea1n.","breadcrumb":{"@id":"https:\/\/cloudasia.com\/vi\/cloudasia-kim-loai-tran\/#breadcrumb"},"inLanguage":"vi-VN","potentialAction":[{"@type":"ReadAction","target":["https:\/\/cloudasia.com\/vi\/cloudasia-kim-loai-tran\/"]}]},{"@type":"ImageObject","inLanguage":"vi-VN","@id":"https:\/\/cloudasia.com\/vi\/cloudasia-kim-loai-tran\/#primaryimage","url":"https:\/\/cloudasia.com\/wp-content\/uploads\/2021\/08\/Group-513-1.svg","contentUrl":"https:\/\/cloudasia.com\/wp-content\/uploads\/2021\/08\/Group-513-1.svg"},{"@type":"BreadcrumbList","@id":"https:\/\/cloudasia.com\/vi\/cloudasia-kim-loai-tran\/#breadcrumb","itemListElement":[{"@type":"ListItem","position":1,"name":"Home","item":"https:\/\/cloudasia.com\/vi\/cloudasia-nha\/"},{"@type":"ListItem","position":2,"name":"Bare Metal Hosting | L\u01b0u tr\u1eef trang web an to\u00e0n | CloudAsia"}]},{"@type":"WebSite","@id":"https:\/\/cloudasia.com\/vi\/#website","url":"https:\/\/cloudasia.com\/vi\/","name":"CloudAsia","description":"Asia&#039;s premier hosting provider","publisher":{"@id":"https:\/\/cloudasia.com\/vi\/#organization"},"potentialAction":[{"@type":"SearchAction","target":{"@type":"EntryPoint","urlTemplate":"https:\/\/cloudasia.com\/vi\/?s={search_term_string}"},"query-input":{"@type":"PropertyValueSpecification","valueRequired":true,"valueName":"search_term_string"}}],"inLanguage":"vi-VN"},{"@type":"Organization","@id":"https:\/\/cloudasia.com\/vi\/#organization","name":"CloudAsia","url":"https:\/\/cloudasia.com\/vi\/","logo":{"@type":"ImageObject","inLanguage":"vi-VN","@id":"https:\/\/cloudasia.com\/vi\/#\/schema\/logo\/image\/","url":"https:\/\/cloudasia.com\/wp-content\/uploads\/2021\/05\/Logo-500x150-1.png","contentUrl":"https:\/\/cloudasia.com\/wp-content\/uploads\/2021\/05\/Logo-500x150-1.png","width":500,"height":149,"caption":"CloudAsia"},"image":{"@id":"https:\/\/cloudasia.com\/vi\/#\/schema\/logo\/image\/"},"sameAs":["https:\/\/www.facebook.com\/CloudAsiaHosting","https:\/\/x.com\/CloudAsiaHost","https:\/\/linkedin.com\/company\/cloudasia"]}]}},"_links":{"self":[{"href":"https:\/\/cloudasia.com\/vi\/wp-json\/wp\/v2\/pages\/19461","targetHints":{"allow":["GET"]}}],"collection":[{"href":"https:\/\/cloudasia.com\/vi\/wp-json\/wp\/v2\/pages"}],"about":[{"href":"https:\/\/cloudasia.com\/vi\/wp-json\/wp\/v2\/types\/page"}],"author":[{"embeddable":true,"href":"https:\/\/cloudasia.com\/vi\/wp-json\/wp\/v2\/users\/4"}],"replies":[{"embeddable":true,"href":"https:\/\/cloudasia.com\/vi\/wp-json\/wp\/v2\/comments?post=19461"}],"version-history":[{"count":21,"href":"https:\/\/cloudasia.com\/vi\/wp-json\/wp\/v2\/pages\/19461\/revisions"}],"predecessor-version":[{"id":24000,"href":"https:\/\/cloudasia.com\/vi\/wp-json\/wp\/v2\/pages\/19461\/revisions\/24000"}],"wp:attachment":[{"href":"https:\/\/cloudasia.com\/vi\/wp-json\/wp\/v2\/media?parent=19461"}],"curies":[{"name":"wp","href":"https:\/\/api.w.org\/{rel}","templated":true}]}}