{"id":19474,"date":"2021-10-05T12:39:02","date_gmt":"2021-10-05T04:39:02","guid":{"rendered":"https:\/\/cloudasia.com\/cloudasia-mien\/"},"modified":"2021-11-04T12:01:35","modified_gmt":"2021-11-04T04:01:35","slug":"cloudasia-mien","status":"publish","type":"page","link":"https:\/\/cloudasia.com\/vi\/cloudasia-mien\/","title":{"rendered":"T\u00ecm m\u1ed9t t\u00ean mi\u1ec1n | T\u00ecm ki\u1ebfm t\u00ean mi\u1ec1n | CloudAsia"},"content":{"rendered":"\t\t<div data-elementor-type=\"wp-page\" data-elementor-id=\"19474\" class=\"elementor elementor-19474 elementor-4120\">\n\t\t\t\t\t\t<div class=\"elementor-section elementor-top-section elementor-element elementor-element-077109f elementor-section-full_width elementor-section-stretched elementor-section-height-default elementor-section-height-default\" data-id=\"077109f\" data-element_type=\"section\" data-e-type=\"section\" data-settings=\"{&quot;stretch_section&quot;:&quot;section-stretched&quot;,&quot;background_background&quot;:&quot;gradient&quot;}\">\n\t\t\t\t\t\t\t<div class=\"elementor-background-overlay\"><\/div>\n\t\t\t\t\t\t\t<div class=\"elementor-container elementor-column-gap-default\">\n\t\t\t\t\t<div class=\"elementor-column elementor-col-100 elementor-top-column elementor-element elementor-element-eb3cddf\" data-id=\"eb3cddf\" data-element_type=\"column\" data-e-type=\"column\" data-settings=\"{&quot;background_background&quot;:&quot;classic&quot;}\">\n\t\t\t<div class=\"elementor-widget-wrap elementor-element-populated\">\n\t\t\t\t\t\t<section class=\"elementor-section elementor-inner-section elementor-element elementor-element-6ed01f0 elementor-section-boxed elementor-section-height-default elementor-section-height-default\" data-id=\"6ed01f0\" data-element_type=\"section\" data-e-type=\"section\">\n\t\t\t\t\t\t<div class=\"elementor-container elementor-column-gap-default\">\n\t\t\t\t\t<div class=\"elementor-column elementor-col-100 elementor-inner-column elementor-element elementor-element-63e4e3c\" data-id=\"63e4e3c\" data-element_type=\"column\" data-e-type=\"column\">\n\t\t\t<div class=\"elementor-widget-wrap\">\n\t\t\t\t\t\t\t<\/div>\n\t\t<\/div>\n\t\t\t\t\t<\/div>\n\t\t<\/section>\n\t\t\t\t<section class=\"elementor-section elementor-inner-section elementor-element elementor-element-fd71173 elementor-section-boxed elementor-section-height-default elementor-section-height-default\" data-id=\"fd71173\" data-element_type=\"section\" data-e-type=\"section\">\n\t\t\t\t\t\t<div class=\"elementor-container elementor-column-gap-default\">\n\t\t\t\t\t<div class=\"elementor-column elementor-col-25 elementor-inner-column elementor-element elementor-element-bd49c68 elementor-hidden-tablet elementor-hidden-phone\" data-id=\"bd49c68\" data-element_type=\"column\" data-e-type=\"column\">\n\t\t\t<div class=\"elementor-widget-wrap\">\n\t\t\t\t\t\t\t<\/div>\n\t\t<\/div>\n\t\t\t\t<div class=\"elementor-column elementor-col-50 elementor-inner-column elementor-element elementor-element-3a7e80f\" data-id=\"3a7e80f\" data-element_type=\"column\" data-e-type=\"column\">\n\t\t\t<div class=\"elementor-widget-wrap\">\n\t\t\t\t\t\t\t<\/div>\n\t\t<\/div>\n\t\t\t\t<div class=\"elementor-column elementor-col-25 elementor-inner-column elementor-element elementor-element-83a505a elementor-hidden-tablet elementor-hidden-phone\" data-id=\"83a505a\" data-element_type=\"column\" data-e-type=\"column\">\n\t\t\t<div class=\"elementor-widget-wrap\">\n\t\t\t\t\t\t\t<\/div>\n\t\t<\/div>\n\t\t\t\t\t<\/div>\n\t\t<\/section>\n\t\t\t\t<div class=\"elementor-element elementor-element-9809c5d elementor-widget elementor-widget-spacer\" data-id=\"9809c5d\" data-element_type=\"widget\" data-e-type=\"widget\" data-widget_type=\"spacer.default\">\n\t\t\t\t<div class=\"elementor-widget-container\">\n\t\t\t\t\t\t\t<div class=\"elementor-spacer\">\n\t\t\t<div class=\"elementor-spacer-inner\"><\/div>\n\t\t<\/div>\n\t\t\t\t\t\t<\/div>\n\t\t\t\t<\/div>\n\t\t\t\t<section class=\"elementor-section elementor-inner-section elementor-element elementor-element-40dfb68 elementor-section-boxed elementor-section-height-default elementor-section-height-default\" data-id=\"40dfb68\" data-element_type=\"section\" data-e-type=\"section\">\n\t\t\t\t\t\t<div class=\"elementor-container elementor-column-gap-default\">\n\t\t\t\t\t<div class=\"elementor-column elementor-col-25 elementor-inner-column elementor-element elementor-element-ea5a13b elementor-hidden-tablet elementor-hidden-phone\" data-id=\"ea5a13b\" data-element_type=\"column\" data-e-type=\"column\">\n\t\t\t<div class=\"elementor-widget-wrap\">\n\t\t\t\t\t\t\t<\/div>\n\t\t<\/div>\n\t\t\t\t<div class=\"elementor-column elementor-col-50 elementor-inner-column elementor-element elementor-element-8197ee5\" data-id=\"8197ee5\" data-element_type=\"column\" data-e-type=\"column\">\n\t\t\t<div class=\"elementor-widget-wrap elementor-element-populated\">\n\t\t\t\t\t\t<div class=\"elementor-element elementor-element-c16e36e elementor-widget-divider--view-line elementor-widget elementor-widget-divider\" data-id=\"c16e36e\" data-element_type=\"widget\" data-e-type=\"widget\" data-widget_type=\"divider.default\">\n\t\t\t\t<div class=\"elementor-widget-container\">\n\t\t\t\t\t\t\t<div class=\"elementor-divider\">\n\t\t\t<span class=\"elementor-divider-separator\">\n\t\t\t\t\t\t<\/span>\n\t\t<\/div>\n\t\t\t\t\t\t<\/div>\n\t\t\t\t<\/div>\n\t\t\t\t<div class=\"elementor-element elementor-element-639b88a elementor-widget elementor-widget-text-editor\" data-id=\"639b88a\" data-element_type=\"widget\" data-e-type=\"widget\" data-widget_type=\"text-editor.default\">\n\t\t\t\t<div class=\"elementor-widget-container\">\n\t\t\t\t\t\t\t\t\t<p style=\"text-align: center;\"><span style=\"color: #ffffff;\">L\u00e0 nh\u00e0 cung c\u1ea5p d\u1ecbch v\u1ee5 l\u01b0u tr\u1eef trang web h\u00e0ng \u0111\u1ea7u, ch\u00fang t\u00f4i c\u0169ng gi\u00fap kh\u00e1ch h\u00e0ng c\u1ee7a m\u00ecnh t\u00ecm \u0111\u01b0\u1ee3c t\u00ean mi\u1ec1n ho\u00e0n h\u1ea3o cho doanh nghi\u1ec7p c\u1ee7a h\u1ecd. V\u1edbi h\u1ed9p t\u00ecm ki\u1ebfm t\u00ean mi\u1ec1n s\u00e1ng t\u1ea1o c\u1ee7a ch\u00fang t\u00f4i, b\u1ea1n c\u00f3 th\u1ec3 d\u1ec5 d\u00e0ng b\u1ea3o m\u1eadt m\u1ed9t t\u00ean mi\u1ec1n ph\u1ea3n \u00e1nh th\u01b0\u01a1ng hi\u1ec7u v\u00e0 doanh nghi\u1ec7p c\u1ee7a b\u1ea1n.<\/span><\/p>\n<p><span style=\"color: #ffffff;\">\u0110\u01a1n gi\u1ea3n ch\u1ec9 c\u1ea7n t\u00ecm m\u1ed9t t\u00ean mi\u1ec1n b\u1eb1ng c\u00e1ch g\u00f5 v\u00e0o h\u1ed9p t\u00ecm ki\u1ebfm t\u00ean mi\u1ec1n b\u00ean d\u01b0\u1edbi. C\u00e1c t\u00ean mi\u1ec1n c\u00f3 s\u1eb5n sau \u0111\u00f3 s\u1ebd \u0111\u01b0\u1ee3c hi\u1ec3n th\u1ecb trong k\u1ebft qu\u1ea3, c\u0169ng nh\u01b0 nh\u1eefng t\u00ean mi\u1ec1n \u0111\u00e3 \u0111\u01b0\u1ee3c s\u1eed d\u1ee5ng. N\u1ebfu b\u1ea1n mu\u1ed1n mua m\u1ed9t t\u00ean mi\u1ec1n \u0111\u00e3 \u0111\u01b0\u1ee3c ng\u01b0\u1eddi kh\u00e1c s\u1eed d\u1ee5ng, h\u00e3y li\u00ean h\u1ec7 v\u1edbi nh\u00f3m c\u1ee7a ch\u00fang t\u00f4i. Sau \u0111\u00f3, ch\u00fang t\u00f4i c\u00f3 th\u1ec3 ch\u1ee7 \u0111\u1ed9ng l\u00e0m vi\u1ec7c thay m\u1eb7t b\u1ea1n \u0111\u1ec3 c\u00f3 \u0111\u01b0\u1ee3c t\u00ean mi\u1ec1n l\u00fd t\u01b0\u1edfng c\u1ee7a b\u1ea1n. B\u1ea1n c\u0169ng c\u00f3 c\u01a1 h\u1ed9i chuy\u1ec3n m\u1ed9t t\u00ean mi\u1ec1n hi\u1ec7n c\u00f3 sang CloudAsia \u0111\u1ec3 ch\u00fang t\u00f4i c\u00f3 th\u1ec3 cung c\u1ea5p d\u1ecbch v\u1ee5 l\u01b0u tr\u1eef an to\u00e0n v\u00e0 gi\u00e1 c\u1ea3 ph\u1ea3i ch\u0103ng cho trang web c\u1ee7a b\u1ea1n.<\/span><\/p>\n\t\t\t\t\t\t\t\t<\/div>\n\t\t\t\t<\/div>\n\t\t\t\t\t<\/div>\n\t\t<\/div>\n\t\t\t\t<div class=\"elementor-column elementor-col-25 elementor-inner-column elementor-element elementor-element-e9489b4 elementor-hidden-tablet elementor-hidden-phone\" data-id=\"e9489b4\" data-element_type=\"column\" data-e-type=\"column\">\n\t\t\t<div class=\"elementor-widget-wrap\">\n\t\t\t\t\t\t\t<\/div>\n\t\t<\/div>\n\t\t\t\t\t<\/div>\n\t\t<\/section>\n\t\t\t\t\t<\/div>\n\t\t<\/div>\n\t\t\t\t\t<\/div>\n\t\t<\/div>\n\t\t\t\t<div class=\"elementor-section elementor-top-section elementor-element elementor-element-f564875 elementor-section-full_width elementor-section-stretched elementor-section-height-default elementor-section-height-default\" data-id=\"f564875\" data-element_type=\"section\" data-e-type=\"section\" data-settings=\"{&quot;stretch_section&quot;:&quot;section-stretched&quot;,&quot;background_background&quot;:&quot;classic&quot;}\">\n\t\t\t\t\t\t<div class=\"elementor-container elementor-column-gap-default\">\n\t\t\t\t\t<div class=\"elementor-column elementor-col-100 elementor-top-column elementor-element elementor-element-cc4fc47\" data-id=\"cc4fc47\" data-element_type=\"column\" data-e-type=\"column\">\n\t\t\t<div class=\"elementor-widget-wrap elementor-element-populated\">\n\t\t\t\t\t\t<div class=\"elementor-section elementor-inner-section elementor-element elementor-element-6b1aa15 elementor-section-full_width elementor-section-height-default elementor-section-height-default\" data-id=\"6b1aa15\" data-element_type=\"section\" data-e-type=\"section\">\n\t\t\t\t\t\t<div class=\"elementor-container elementor-column-gap-default\">\n\t\t\t\t\t<div class=\"elementor-column elementor-col-100 elementor-inner-column elementor-element elementor-element-ca83d3a\" data-id=\"ca83d3a\" data-element_type=\"column\" data-e-type=\"column\">\n\t\t\t<div class=\"elementor-widget-wrap\">\n\t\t\t\t\t\t\t<\/div>\n\t\t<\/div>\n\t\t\t\t\t<\/div>\n\t\t<\/div>\n\t\t\t\t\t<\/div>\n\t\t<\/div>\n\t\t\t\t\t<\/div>\n\t\t<\/div>\n\t\t\t\t<div class=\"elementor-section elementor-top-section elementor-element elementor-element-43009d6 elementor-section-full_width elementor-section-stretched elementor-section-height-default elementor-section-height-default\" data-id=\"43009d6\" data-element_type=\"section\" data-e-type=\"section\" data-settings=\"{&quot;stretch_section&quot;:&quot;section-stretched&quot;}\">\n\t\t\t\t\t\t<div class=\"elementor-container elementor-column-gap-default\">\n\t\t\t\t\t<div class=\"elementor-column elementor-col-100 elementor-top-column elementor-element elementor-element-7df26d0\" data-id=\"7df26d0\" data-element_type=\"column\" data-e-type=\"column\">\n\t\t\t<div class=\"elementor-widget-wrap elementor-element-populated\">\n\t\t\t\t\t\t<div class=\"elementor-section elementor-inner-section elementor-element elementor-element-ce2e0fe elementor-section-boxed elementor-section-height-default elementor-section-height-default\" data-id=\"ce2e0fe\" data-element_type=\"section\" data-e-type=\"section\" data-settings=\"{&quot;background_background&quot;:&quot;classic&quot;}\">\n\t\t\t\t\t\t\t<div class=\"elementor-background-overlay\"><\/div>\n\t\t\t\t\t\t\t<div class=\"elementor-container elementor-column-gap-default\">\n\t\t\t\t\t<div class=\"elementor-column elementor-col-50 elementor-inner-column elementor-element elementor-element-cc57c4f\" data-id=\"cc57c4f\" data-element_type=\"column\" data-e-type=\"column\">\n\t\t\t<div class=\"elementor-widget-wrap\">\n\t\t\t\t\t\t\t<\/div>\n\t\t<\/div>\n\t\t\t\t<div class=\"elementor-column elementor-col-50 elementor-inner-column elementor-element elementor-element-eec90e4\" data-id=\"eec90e4\" data-element_type=\"column\" data-e-type=\"column\">\n\t\t\t<div class=\"elementor-widget-wrap elementor-element-populated\">\n\t\t\t\t\t\t<div class=\"elementor-element elementor-element-738766b elementor-invisible elementor-widget elementor-widget-image\" data-id=\"738766b\" data-element_type=\"widget\" data-e-type=\"widget\" data-settings=\"{&quot;_animation&quot;:&quot;fadeInRight&quot;}\" data-widget_type=\"image.default\">\n\t\t\t\t<div class=\"elementor-widget-container\">\n\t\t\t\t\t\t\t\t\t\t\t\t\t\t\t<img decoding=\"async\" data-src=\"https:\/\/cloudasia.com\/wp-content\/uploads\/2021\/08\/Group-516-1.svg\" class=\"attachment-full size-full wp-image-19038 lazyload\" alt=\"T\u00ecm t\u00ean mi\u1ec1n v\u1edbi CloudAsia\" src=\"data:image\/svg+xml;base64,PHN2ZyB3aWR0aD0iMSIgaGVpZ2h0PSIxIiB4bWxucz0iaHR0cDovL3d3dy53My5vcmcvMjAwMC9zdmciPjwvc3ZnPg==\" \/>\t\t\t\t\t\t\t\t\t\t\t\t\t\t\t<\/div>\n\t\t\t\t<\/div>\n\t\t\t\t\t<\/div>\n\t\t<\/div>\n\t\t\t\t\t<\/div>\n\t\t<\/div>\n\t\t\t\t\t<\/div>\n\t\t<\/div>\n\t\t\t\t\t<\/div>\n\t\t<\/div>\n\t\t\t\t<\/div>\n\t\t","protected":false},"excerpt":{"rendered":"<p>T\u00ecm ra t\u00ean m\u1ed9t m\u1ed9t v\u00f9ng \u0111\u1ea5t .com $ 11.99 .org $ 20.99 .net $ 19.99 .asia $ 124.99 .info $ 30.99 .cloud $ 34.99 L\u00e0 nh\u00e0 cung c\u1ea5p d\u1ecbch v\u1ee5 l\u01b0u tr\u1eef trang web h\u00e0ng \u0111\u1ea7u, ch\u00fang t\u00f4i c\u0169ng gi\u00fap kh\u00e1ch h\u00e0ng c\u1ee7a m\u00ecnh t\u00ecm \u0111\u01b0\u1ee3c t\u00ean mi\u1ec1n ho\u00e0n h\u1ea3o cho doanh nghi\u1ec7p c\u1ee7a [&hellip;]<\/p>\n","protected":false},"author":4,"featured_media":0,"parent":0,"menu_order":0,"comment_status":"closed","ping_status":"closed","template":"","meta":{"_acf_changed":false,"footnotes":""},"class_list":["post-19474","page","type-page","status-publish","hentry"],"acf":[],"yoast_head":"<!-- This site is optimized with the Yoast SEO Premium plugin v25.9 (Yoast SEO v27.5) - https:\/\/yoast.com\/product\/yoast-seo-premium-wordpress\/ -->\n<title>T\u00ecm m\u1ed9t t\u00ean mi\u1ec1n | T\u00ecm ki\u1ebfm t\u00ean mi\u1ec1n | CloudAsia<\/title>\n<meta name=\"description\" content=\"S\u1eed d\u1ee5ng c\u00f4ng c\u1ee5 tr\u1ef1c tuy\u1ebfn c\u1ee7a ch\u00fang t\u00f4i \u0111\u1ec3 t\u00ecm m\u1ed9t t\u00ean mi\u1ec1n c\u00f3 s\u1eb5n v\u00e0 s\u1ebd l\u00e0 duy nh\u1ea5t cho doanh nghi\u1ec7p c\u1ee7a b\u1ea1n. S\u1eed d\u1ee5ng c\u00f4ng c\u1ee5 t\u00ecm ki\u1ebfm t\u00ean mi\u1ec1n c\u1ee7a CloudAsia.\" \/>\n<meta name=\"robots\" content=\"index, follow, max-snippet:-1, max-image-preview:large, max-video-preview:-1\" \/>\n<link rel=\"canonical\" href=\"https:\/\/cloudasia.com\/vi\/cloudasia-mien\/\" \/>\n<meta property=\"og:locale\" content=\"vi_VN\" \/>\n<meta property=\"og:type\" content=\"article\" \/>\n<meta property=\"og:title\" content=\"T\u00ecm m\u1ed9t t\u00ean mi\u1ec1n | T\u00ecm ki\u1ebfm t\u00ean mi\u1ec1n | CloudAsia\" \/>\n<meta property=\"og:description\" content=\"S\u1eed d\u1ee5ng c\u00f4ng c\u1ee5 tr\u1ef1c tuy\u1ebfn c\u1ee7a ch\u00fang t\u00f4i \u0111\u1ec3 t\u00ecm m\u1ed9t t\u00ean mi\u1ec1n c\u00f3 s\u1eb5n v\u00e0 s\u1ebd l\u00e0 duy nh\u1ea5t cho doanh nghi\u1ec7p c\u1ee7a b\u1ea1n. S\u1eed d\u1ee5ng c\u00f4ng c\u1ee5 t\u00ecm ki\u1ebfm t\u00ean mi\u1ec1n c\u1ee7a CloudAsia.\" \/>\n<meta property=\"og:url\" content=\"https:\/\/cloudasia.com\/vi\/cloudasia-mien\/\" \/>\n<meta property=\"og:site_name\" content=\"CloudAsia\" \/>\n<meta property=\"article:publisher\" content=\"https:\/\/www.facebook.com\/CloudAsiaHosting\" \/>\n<meta property=\"article:modified_time\" content=\"2021-11-04T04:01:35+00:00\" \/>\n<meta property=\"og:image\" content=\"https:\/\/cloudasia.com\/wp-content\/uploads\/2020\/12\/7.png\" \/>\n<meta name=\"twitter:card\" content=\"summary_large_image\" \/>\n<meta name=\"twitter:site\" content=\"@CloudAsiaHost\" \/>\n<meta name=\"twitter:label1\" content=\"Est. reading time\" \/>\n\t<meta name=\"twitter:data1\" content=\"6 minutes\" \/>\n<script type=\"application\/ld+json\" class=\"yoast-schema-graph\">{\"@context\":\"https:\\\/\\\/schema.org\",\"@graph\":[{\"@type\":\"WebPage\",\"@id\":\"https:\\\/\\\/cloudasia.com\\\/vi\\\/cloudasia-mien\\\/\",\"url\":\"https:\\\/\\\/cloudasia.com\\\/vi\\\/cloudasia-mien\\\/\",\"name\":\"T\u00ecm m\u1ed9t t\u00ean mi\u1ec1n | T\u00ecm ki\u1ebfm t\u00ean mi\u1ec1n | CloudAsia\",\"isPartOf\":{\"@id\":\"https:\\\/\\\/cloudasia.com\\\/vi\\\/#website\"},\"primaryImageOfPage\":{\"@id\":\"https:\\\/\\\/cloudasia.com\\\/vi\\\/cloudasia-mien\\\/#primaryimage\"},\"image\":{\"@id\":\"https:\\\/\\\/cloudasia.com\\\/vi\\\/cloudasia-mien\\\/#primaryimage\"},\"thumbnailUrl\":\"https:\\\/\\\/cloudasia.com\\\/wp-content\\\/uploads\\\/2020\\\/12\\\/7.png\",\"datePublished\":\"2021-10-05T04:39:02+00:00\",\"dateModified\":\"2021-11-04T04:01:35+00:00\",\"description\":\"S\u1eed d\u1ee5ng c\u00f4ng c\u1ee5 tr\u1ef1c tuy\u1ebfn c\u1ee7a ch\u00fang t\u00f4i \u0111\u1ec3 t\u00ecm m\u1ed9t t\u00ean mi\u1ec1n c\u00f3 s\u1eb5n v\u00e0 s\u1ebd l\u00e0 duy nh\u1ea5t cho doanh nghi\u1ec7p c\u1ee7a b\u1ea1n. S\u1eed d\u1ee5ng c\u00f4ng c\u1ee5 t\u00ecm ki\u1ebfm t\u00ean mi\u1ec1n c\u1ee7a CloudAsia.\",\"breadcrumb\":{\"@id\":\"https:\\\/\\\/cloudasia.com\\\/vi\\\/cloudasia-mien\\\/#breadcrumb\"},\"inLanguage\":\"vi-VN\",\"potentialAction\":[{\"@type\":\"ReadAction\",\"target\":[\"https:\\\/\\\/cloudasia.com\\\/vi\\\/cloudasia-mien\\\/\"]}]},{\"@type\":\"ImageObject\",\"inLanguage\":\"vi-VN\",\"@id\":\"https:\\\/\\\/cloudasia.com\\\/vi\\\/cloudasia-mien\\\/#primaryimage\",\"url\":\"https:\\\/\\\/cloudasia.com\\\/wp-content\\\/uploads\\\/2020\\\/12\\\/7.png\",\"contentUrl\":\"https:\\\/\\\/cloudasia.com\\\/wp-content\\\/uploads\\\/2020\\\/12\\\/7.png\"},{\"@type\":\"BreadcrumbList\",\"@id\":\"https:\\\/\\\/cloudasia.com\\\/vi\\\/cloudasia-mien\\\/#breadcrumb\",\"itemListElement\":[{\"@type\":\"ListItem\",\"position\":1,\"name\":\"Home\",\"item\":\"https:\\\/\\\/cloudasia.com\\\/vi\\\/cloudasia-nha\\\/\"},{\"@type\":\"ListItem\",\"position\":2,\"name\":\"T\u00ecm m\u1ed9t t\u00ean mi\u1ec1n | T\u00ecm ki\u1ebfm t\u00ean mi\u1ec1n | CloudAsia\"}]},{\"@type\":\"WebSite\",\"@id\":\"https:\\\/\\\/cloudasia.com\\\/vi\\\/#website\",\"url\":\"https:\\\/\\\/cloudasia.com\\\/vi\\\/\",\"name\":\"CloudAsia\",\"description\":\"Asia&#039;s premier hosting provider\",\"publisher\":{\"@id\":\"https:\\\/\\\/cloudasia.com\\\/vi\\\/#organization\"},\"potentialAction\":[{\"@type\":\"SearchAction\",\"target\":{\"@type\":\"EntryPoint\",\"urlTemplate\":\"https:\\\/\\\/cloudasia.com\\\/vi\\\/?s={search_term_string}\"},\"query-input\":{\"@type\":\"PropertyValueSpecification\",\"valueRequired\":true,\"valueName\":\"search_term_string\"}}],\"inLanguage\":\"vi-VN\"},{\"@type\":\"Organization\",\"@id\":\"https:\\\/\\\/cloudasia.com\\\/vi\\\/#organization\",\"name\":\"CloudAsia\",\"url\":\"https:\\\/\\\/cloudasia.com\\\/vi\\\/\",\"logo\":{\"@type\":\"ImageObject\",\"inLanguage\":\"vi-VN\",\"@id\":\"https:\\\/\\\/cloudasia.com\\\/vi\\\/#\\\/schema\\\/logo\\\/image\\\/\",\"url\":\"https:\\\/\\\/cloudasia.com\\\/wp-content\\\/uploads\\\/2021\\\/05\\\/Logo-500x150-1.png\",\"contentUrl\":\"https:\\\/\\\/cloudasia.com\\\/wp-content\\\/uploads\\\/2021\\\/05\\\/Logo-500x150-1.png\",\"width\":500,\"height\":149,\"caption\":\"CloudAsia\"},\"image\":{\"@id\":\"https:\\\/\\\/cloudasia.com\\\/vi\\\/#\\\/schema\\\/logo\\\/image\\\/\"},\"sameAs\":[\"https:\\\/\\\/www.facebook.com\\\/CloudAsiaHosting\",\"https:\\\/\\\/x.com\\\/CloudAsiaHost\",\"https:\\\/\\\/linkedin.com\\\/company\\\/cloudasia\"]}]}<\/script>\n<!-- \/ Yoast SEO Premium plugin. -->","yoast_head_json":{"title":"T\u00ecm m\u1ed9t t\u00ean mi\u1ec1n | T\u00ecm ki\u1ebfm t\u00ean mi\u1ec1n | CloudAsia","description":"S\u1eed d\u1ee5ng c\u00f4ng c\u1ee5 tr\u1ef1c tuy\u1ebfn c\u1ee7a ch\u00fang t\u00f4i \u0111\u1ec3 t\u00ecm m\u1ed9t t\u00ean mi\u1ec1n c\u00f3 s\u1eb5n v\u00e0 s\u1ebd l\u00e0 duy nh\u1ea5t cho doanh nghi\u1ec7p c\u1ee7a b\u1ea1n. S\u1eed d\u1ee5ng c\u00f4ng c\u1ee5 t\u00ecm ki\u1ebfm t\u00ean mi\u1ec1n c\u1ee7a CloudAsia.","robots":{"index":"index","follow":"follow","max-snippet":"max-snippet:-1","max-image-preview":"max-image-preview:large","max-video-preview":"max-video-preview:-1"},"canonical":"https:\/\/cloudasia.com\/vi\/cloudasia-mien\/","og_locale":"vi_VN","og_type":"article","og_title":"T\u00ecm m\u1ed9t t\u00ean mi\u1ec1n | T\u00ecm ki\u1ebfm t\u00ean mi\u1ec1n | CloudAsia","og_description":"S\u1eed d\u1ee5ng c\u00f4ng c\u1ee5 tr\u1ef1c tuy\u1ebfn c\u1ee7a ch\u00fang t\u00f4i \u0111\u1ec3 t\u00ecm m\u1ed9t t\u00ean mi\u1ec1n c\u00f3 s\u1eb5n v\u00e0 s\u1ebd l\u00e0 duy nh\u1ea5t cho doanh nghi\u1ec7p c\u1ee7a b\u1ea1n. S\u1eed d\u1ee5ng c\u00f4ng c\u1ee5 t\u00ecm ki\u1ebfm t\u00ean mi\u1ec1n c\u1ee7a CloudAsia.","og_url":"https:\/\/cloudasia.com\/vi\/cloudasia-mien\/","og_site_name":"CloudAsia","article_publisher":"https:\/\/www.facebook.com\/CloudAsiaHosting","article_modified_time":"2021-11-04T04:01:35+00:00","og_image":[{"url":"https:\/\/cloudasia.com\/wp-content\/uploads\/2020\/12\/7.png","type":"","width":"","height":""}],"twitter_card":"summary_large_image","twitter_site":"@CloudAsiaHost","twitter_misc":{"Est. reading time":"6 minutes"},"schema":{"@context":"https:\/\/schema.org","@graph":[{"@type":"WebPage","@id":"https:\/\/cloudasia.com\/vi\/cloudasia-mien\/","url":"https:\/\/cloudasia.com\/vi\/cloudasia-mien\/","name":"T\u00ecm m\u1ed9t t\u00ean mi\u1ec1n | T\u00ecm ki\u1ebfm t\u00ean mi\u1ec1n | CloudAsia","isPartOf":{"@id":"https:\/\/cloudasia.com\/vi\/#website"},"primaryImageOfPage":{"@id":"https:\/\/cloudasia.com\/vi\/cloudasia-mien\/#primaryimage"},"image":{"@id":"https:\/\/cloudasia.com\/vi\/cloudasia-mien\/#primaryimage"},"thumbnailUrl":"https:\/\/cloudasia.com\/wp-content\/uploads\/2020\/12\/7.png","datePublished":"2021-10-05T04:39:02+00:00","dateModified":"2021-11-04T04:01:35+00:00","description":"S\u1eed d\u1ee5ng c\u00f4ng c\u1ee5 tr\u1ef1c tuy\u1ebfn c\u1ee7a ch\u00fang t\u00f4i \u0111\u1ec3 t\u00ecm m\u1ed9t t\u00ean mi\u1ec1n c\u00f3 s\u1eb5n v\u00e0 s\u1ebd l\u00e0 duy nh\u1ea5t cho doanh nghi\u1ec7p c\u1ee7a b\u1ea1n. S\u1eed d\u1ee5ng c\u00f4ng c\u1ee5 t\u00ecm ki\u1ebfm t\u00ean mi\u1ec1n c\u1ee7a CloudAsia.","breadcrumb":{"@id":"https:\/\/cloudasia.com\/vi\/cloudasia-mien\/#breadcrumb"},"inLanguage":"vi-VN","potentialAction":[{"@type":"ReadAction","target":["https:\/\/cloudasia.com\/vi\/cloudasia-mien\/"]}]},{"@type":"ImageObject","inLanguage":"vi-VN","@id":"https:\/\/cloudasia.com\/vi\/cloudasia-mien\/#primaryimage","url":"https:\/\/cloudasia.com\/wp-content\/uploads\/2020\/12\/7.png","contentUrl":"https:\/\/cloudasia.com\/wp-content\/uploads\/2020\/12\/7.png"},{"@type":"BreadcrumbList","@id":"https:\/\/cloudasia.com\/vi\/cloudasia-mien\/#breadcrumb","itemListElement":[{"@type":"ListItem","position":1,"name":"Home","item":"https:\/\/cloudasia.com\/vi\/cloudasia-nha\/"},{"@type":"ListItem","position":2,"name":"T\u00ecm m\u1ed9t t\u00ean mi\u1ec1n | T\u00ecm ki\u1ebfm t\u00ean mi\u1ec1n | CloudAsia"}]},{"@type":"WebSite","@id":"https:\/\/cloudasia.com\/vi\/#website","url":"https:\/\/cloudasia.com\/vi\/","name":"CloudAsia","description":"Asia&#039;s premier hosting provider","publisher":{"@id":"https:\/\/cloudasia.com\/vi\/#organization"},"potentialAction":[{"@type":"SearchAction","target":{"@type":"EntryPoint","urlTemplate":"https:\/\/cloudasia.com\/vi\/?s={search_term_string}"},"query-input":{"@type":"PropertyValueSpecification","valueRequired":true,"valueName":"search_term_string"}}],"inLanguage":"vi-VN"},{"@type":"Organization","@id":"https:\/\/cloudasia.com\/vi\/#organization","name":"CloudAsia","url":"https:\/\/cloudasia.com\/vi\/","logo":{"@type":"ImageObject","inLanguage":"vi-VN","@id":"https:\/\/cloudasia.com\/vi\/#\/schema\/logo\/image\/","url":"https:\/\/cloudasia.com\/wp-content\/uploads\/2021\/05\/Logo-500x150-1.png","contentUrl":"https:\/\/cloudasia.com\/wp-content\/uploads\/2021\/05\/Logo-500x150-1.png","width":500,"height":149,"caption":"CloudAsia"},"image":{"@id":"https:\/\/cloudasia.com\/vi\/#\/schema\/logo\/image\/"},"sameAs":["https:\/\/www.facebook.com\/CloudAsiaHosting","https:\/\/x.com\/CloudAsiaHost","https:\/\/linkedin.com\/company\/cloudasia"]}]}},"_links":{"self":[{"href":"https:\/\/cloudasia.com\/vi\/wp-json\/wp\/v2\/pages\/19474","targetHints":{"allow":["GET"]}}],"collection":[{"href":"https:\/\/cloudasia.com\/vi\/wp-json\/wp\/v2\/pages"}],"about":[{"href":"https:\/\/cloudasia.com\/vi\/wp-json\/wp\/v2\/types\/page"}],"author":[{"embeddable":true,"href":"https:\/\/cloudasia.com\/vi\/wp-json\/wp\/v2\/users\/4"}],"replies":[{"embeddable":true,"href":"https:\/\/cloudasia.com\/vi\/wp-json\/wp\/v2\/comments?post=19474"}],"version-history":[{"count":16,"href":"https:\/\/cloudasia.com\/vi\/wp-json\/wp\/v2\/pages\/19474\/revisions"}],"predecessor-version":[{"id":24562,"href":"https:\/\/cloudasia.com\/vi\/wp-json\/wp\/v2\/pages\/19474\/revisions\/24562"}],"wp:attachment":[{"href":"https:\/\/cloudasia.com\/vi\/wp-json\/wp\/v2\/media?parent=19474"}],"curies":[{"name":"wp","href":"https:\/\/api.w.org\/{rel}","templated":true}]}}