{"id":19511,"date":"2021-10-05T12:39:11","date_gmt":"2021-10-05T04:39:11","guid":{"rendered":"https:\/\/cloudasia.com\/cloudasia-luu-tru\/"},"modified":"2021-10-28T18:53:43","modified_gmt":"2021-10-28T10:53:43","slug":"cloudasia-luu-tru","status":"publish","type":"page","link":"https:\/\/cloudasia.com\/vi\/cloudasia-luu-tru\/","title":{"rendered":"Shared Hosting, VPS Hosting &amp; Bare Metal Hosting | CloudAsia"},"content":{"rendered":"\t\t<div data-elementor-type=\"wp-page\" data-elementor-id=\"19511\" class=\"elementor elementor-19511 elementor-1898\">\n\t\t\t\t\t\t<div class=\"elementor-section elementor-top-section elementor-element elementor-element-f652a64 elementor-section-full_width elementor-section-stretched elementor-section-height-default elementor-section-height-default\" data-id=\"f652a64\" data-element_type=\"section\" data-e-type=\"section\" data-settings=\"{&quot;stretch_section&quot;:&quot;section-stretched&quot;}\">\n\t\t\t\t\t\t\t<div class=\"elementor-background-overlay\"><\/div>\n\t\t\t\t\t\t\t<div class=\"elementor-container elementor-column-gap-default\">\n\t\t\t\t\t<div class=\"elementor-column elementor-col-100 elementor-top-column elementor-element elementor-element-abc4452\" data-id=\"abc4452\" data-element_type=\"column\" data-e-type=\"column\">\n\t\t\t<div class=\"elementor-widget-wrap elementor-element-populated\">\n\t\t\t\t\t\t<div class=\"elementor-section elementor-inner-section elementor-element elementor-element-f936754 elementor-section-boxed elementor-section-height-default elementor-section-height-default\" data-id=\"f936754\" data-element_type=\"section\" data-e-type=\"section\">\n\t\t\t\t\t\t<div class=\"elementor-container elementor-column-gap-default\">\n\t\t\t\t\t<div class=\"elementor-column elementor-col-100 elementor-inner-column elementor-element elementor-element-2f607af\" data-id=\"2f607af\" data-element_type=\"column\" data-e-type=\"column\">\n\t\t\t<div class=\"elementor-widget-wrap\">\n\t\t\t\t\t\t\t<\/div>\n\t\t<\/div>\n\t\t\t\t\t<\/div>\n\t\t<\/div>\n\t\t\t\t<div class=\"elementor-section elementor-inner-section elementor-element elementor-element-46cf870 elementor-section-boxed elementor-section-height-default elementor-section-height-default elementor-invisible\" data-id=\"46cf870\" data-element_type=\"section\" data-e-type=\"section\" data-settings=\"{&quot;animation&quot;:&quot;fadeInUp&quot;}\">\n\t\t\t\t\t\t<div class=\"elementor-container elementor-column-gap-default\">\n\t\t\t\t\t<div class=\"elementor-column elementor-col-100 elementor-inner-column elementor-element elementor-element-ee0e348\" data-id=\"ee0e348\" data-element_type=\"column\" data-e-type=\"column\">\n\t\t\t<div class=\"elementor-widget-wrap elementor-element-populated\">\n\t\t\t\t\t\t<div class=\"elementor-element elementor-element-79222da elementor-tabs-view-horizontal elementor-widget elementor-widget-tabs\" data-id=\"79222da\" data-element_type=\"widget\" data-e-type=\"widget\" data-widget_type=\"tabs.default\">\n\t\t\t\t<div class=\"elementor-widget-container\">\n\t\t\t\t\t\t\t<div class=\"elementor-tabs\">\n\t\t\t<div class=\"elementor-tabs-wrapper\" role=\"tablist\" >\n\t\t\t\t\t\t\t\t\t<div id=\"elementor-tab-title-1271\" class=\"elementor-tab-title elementor-tab-desktop-title\" aria-selected=\"true\" data-tab=\"1\" role=\"tab\" tabindex=\"0\" aria-controls=\"elementor-tab-content-1271\" aria-expanded=\"false\">L\u01b0u tr\u1eef chia s\u1ebb<\/div>\n\t\t\t\t\t\t\t\t\t<div id=\"elementor-tab-title-1272\" class=\"elementor-tab-title elementor-tab-desktop-title\" aria-selected=\"false\" data-tab=\"2\" role=\"tab\" tabindex=\"-1\" aria-controls=\"elementor-tab-content-1272\" aria-expanded=\"false\">VPS + L\u01b0u tr\u1eef<\/div>\n\t\t\t\t\t\t\t\t\t<div id=\"elementor-tab-title-1273\" class=\"elementor-tab-title elementor-tab-desktop-title\" aria-selected=\"false\" data-tab=\"3\" role=\"tab\" tabindex=\"-1\" aria-controls=\"elementor-tab-content-1273\" aria-expanded=\"false\">Kim lo\u1ea1i tr\u1ea7n L\u01b0u tr\u1eef<\/div>\n\t\t\t\t\t\t\t\t\t<div id=\"elementor-tab-title-1274\" class=\"elementor-tab-title elementor-tab-desktop-title\" aria-selected=\"false\" data-tab=\"4\" role=\"tab\" tabindex=\"-1\" aria-controls=\"elementor-tab-content-1274\" aria-expanded=\"false\">\u0110\u00e1m m\u00e2y l\u01b0u tr\u1eef<\/div>\n\t\t\t\t\t\t\t<\/div>\n\t\t\t<div class=\"elementor-tabs-content-wrapper\" role=\"tablist\" aria-orientation=\"vertical\">\n\t\t\t\t\t\t\t\t\t<div class=\"elementor-tab-title elementor-tab-mobile-title\" aria-selected=\"true\" data-tab=\"1\" role=\"tab\" tabindex=\"0\" aria-controls=\"elementor-tab-content-1271\" aria-expanded=\"false\">L\u01b0u tr\u1eef chia s\u1ebb<\/div>\n\t\t\t\t\t<div id=\"elementor-tab-content-1271\" class=\"elementor-tab-content elementor-clearfix\" data-tab=\"1\" role=\"tabpanel\" aria-labelledby=\"elementor-tab-title-1271\" tabindex=\"0\" hidden=\"false\">Tab Content<\/div>\n\t\t\t\t\t\t\t\t\t<div class=\"elementor-tab-title elementor-tab-mobile-title\" aria-selected=\"false\" data-tab=\"2\" role=\"tab\" tabindex=\"-1\" aria-controls=\"elementor-tab-content-1272\" aria-expanded=\"false\">VPS + L\u01b0u tr\u1eef<\/div>\n\t\t\t\t\t<div id=\"elementor-tab-content-1272\" class=\"elementor-tab-content elementor-clearfix\" data-tab=\"2\" role=\"tabpanel\" aria-labelledby=\"elementor-tab-title-1272\" tabindex=\"0\" hidden=\"hidden\">Tab Content<\/div>\n\t\t\t\t\t\t\t\t\t<div class=\"elementor-tab-title elementor-tab-mobile-title\" aria-selected=\"false\" data-tab=\"3\" role=\"tab\" tabindex=\"-1\" aria-controls=\"elementor-tab-content-1273\" aria-expanded=\"false\">Kim lo\u1ea1i tr\u1ea7n L\u01b0u tr\u1eef<\/div>\n\t\t\t\t\t<div id=\"elementor-tab-content-1273\" class=\"elementor-tab-content elementor-clearfix\" data-tab=\"3\" role=\"tabpanel\" aria-labelledby=\"elementor-tab-title-1273\" tabindex=\"0\" hidden=\"hidden\">Tab Content<\/div>\n\t\t\t\t\t\t\t\t\t<div class=\"elementor-tab-title elementor-tab-mobile-title\" aria-selected=\"false\" data-tab=\"4\" role=\"tab\" tabindex=\"-1\" aria-controls=\"elementor-tab-content-1274\" aria-expanded=\"false\">\u0110\u00e1m m\u00e2y l\u01b0u tr\u1eef<\/div>\n\t\t\t\t\t<div id=\"elementor-tab-content-1274\" class=\"elementor-tab-content elementor-clearfix\" data-tab=\"4\" role=\"tabpanel\" aria-labelledby=\"elementor-tab-title-1274\" tabindex=\"0\" hidden=\"hidden\">Tab Content<\/div>\n\t\t\t\t\t\t\t<\/div>\n\t\t<\/div>\n\t\t\t\t\t\t<\/div>\n\t\t\t\t<\/div>\n\t\t\t\t\t<\/div>\n\t\t<\/div>\n\t\t\t\t\t<\/div>\n\t\t<\/div>\n\t\t\t\t\t<\/div>\n\t\t<\/div>\n\t\t\t\t\t<\/div>\n\t\t<\/div>\n\t\t\t\t<\/div>\n\t\t","protected":false},"excerpt":{"rendered":"<p>Ch\u1ecdn g\u00f3i l\u01b0u tr\u1eef trang web S\u1eb5n s\u00e0ng \u0111\u01b0a doanh nghi\u1ec7p c\u1ee7a b\u1ea1n tr\u1ef1c tuy\u1ebfn v\u1edbi d\u1ecbch v\u1ee5 l\u01b0u tr\u1eef trang web an to\u00e0n, \u0111\u00e1ng tin c\u1eady v\u00e0 gi\u00e1 c\u1ea3 ph\u1ea3i ch\u0103ng? T\u1ea1i CloudAsia, ch\u00fang t\u00f4i cung c\u1ea5p m\u1ed9t lo\u1ea1t c\u00e1c g\u00f3i v\u00e0 k\u1ebf ho\u1ea1ch l\u01b0u tr\u1eef trang web \u0111\u1ec3 ph\u00f9 h\u1ee3p v\u1edbi m\u1ecdi lo\u1ea1i [&hellip;]<\/p>\n","protected":false},"author":4,"featured_media":0,"parent":0,"menu_order":0,"comment_status":"closed","ping_status":"closed","template":"","meta":{"_acf_changed":false,"footnotes":""},"class_list":["post-19511","page","type-page","status-publish","hentry"],"acf":[],"yoast_head":"<!-- This site is optimized with the Yoast SEO Premium plugin v25.9 (Yoast SEO v27.5) - https:\/\/yoast.com\/product\/yoast-seo-premium-wordpress\/ -->\n<title>Shared Hosting, VPS Hosting &amp; Bare Metal Hosting | CloudAsia<\/title>\n<meta name=\"description\" content=\"Ch\u1ecdn t\u1eeb m\u1ed9t lo\u1ea1t c\u00e1c g\u00f3i l\u01b0u tr\u1eef trang web an to\u00e0n c\u1ee7a ch\u00fang t\u00f4i. Ch\u00fang t\u00f4i cung c\u1ea5p d\u1ecbch v\u1ee5 l\u01b0u tr\u1eef chia s\u1ebb, l\u01b0u tr\u1eef VPS v\u00e0 l\u01b0u tr\u1eef Bare Metal.\" \/>\n<meta name=\"robots\" content=\"index, follow, max-snippet:-1, max-image-preview:large, max-video-preview:-1\" \/>\n<link rel=\"canonical\" href=\"https:\/\/cloudasia.com\/vi\/cloudasia-luu-tru\/\" \/>\n<meta property=\"og:locale\" content=\"vi_VN\" \/>\n<meta property=\"og:type\" content=\"article\" \/>\n<meta property=\"og:title\" content=\"Shared Hosting, VPS Hosting &amp; Bare Metal Hosting | CloudAsia\" \/>\n<meta property=\"og:description\" content=\"Ch\u1ecdn t\u1eeb m\u1ed9t lo\u1ea1t c\u00e1c g\u00f3i l\u01b0u tr\u1eef trang web an to\u00e0n c\u1ee7a ch\u00fang t\u00f4i. Ch\u00fang t\u00f4i cung c\u1ea5p d\u1ecbch v\u1ee5 l\u01b0u tr\u1eef chia s\u1ebb, l\u01b0u tr\u1eef VPS v\u00e0 l\u01b0u tr\u1eef Bare Metal.\" \/>\n<meta property=\"og:url\" content=\"https:\/\/cloudasia.com\/vi\/cloudasia-luu-tru\/\" \/>\n<meta property=\"og:site_name\" content=\"CloudAsia\" \/>\n<meta property=\"article:publisher\" content=\"https:\/\/www.facebook.com\/CloudAsiaHosting\" \/>\n<meta property=\"article:modified_time\" content=\"2021-10-28T10:53:43+00:00\" \/>\n<meta property=\"og:image\" content=\"https:\/\/cloudasia.com\/wp-content\/uploads\/2021\/10\/Group-519-1.svg\" \/>\n<meta name=\"twitter:card\" content=\"summary_large_image\" \/>\n<meta name=\"twitter:site\" content=\"@CloudAsiaHost\" \/>\n<meta name=\"twitter:label1\" content=\"Est. reading time\" \/>\n\t<meta name=\"twitter:data1\" content=\"4 minutes\" \/>\n<script type=\"application\/ld+json\" class=\"yoast-schema-graph\">{\"@context\":\"https:\\\/\\\/schema.org\",\"@graph\":[{\"@type\":\"WebPage\",\"@id\":\"https:\\\/\\\/cloudasia.com\\\/vi\\\/cloudasia-luu-tru\\\/\",\"url\":\"https:\\\/\\\/cloudasia.com\\\/vi\\\/cloudasia-luu-tru\\\/\",\"name\":\"Shared Hosting, VPS Hosting &amp; Bare Metal Hosting | CloudAsia\",\"isPartOf\":{\"@id\":\"https:\\\/\\\/cloudasia.com\\\/vi\\\/#website\"},\"primaryImageOfPage\":{\"@id\":\"https:\\\/\\\/cloudasia.com\\\/vi\\\/cloudasia-luu-tru\\\/#primaryimage\"},\"image\":{\"@id\":\"https:\\\/\\\/cloudasia.com\\\/vi\\\/cloudasia-luu-tru\\\/#primaryimage\"},\"thumbnailUrl\":\"https:\\\/\\\/cloudasia.com\\\/wp-content\\\/uploads\\\/2021\\\/10\\\/Group-519-1.svg\",\"datePublished\":\"2021-10-05T04:39:11+00:00\",\"dateModified\":\"2021-10-28T10:53:43+00:00\",\"description\":\"Ch\u1ecdn t\u1eeb m\u1ed9t lo\u1ea1t c\u00e1c g\u00f3i l\u01b0u tr\u1eef trang web an to\u00e0n c\u1ee7a ch\u00fang t\u00f4i. Ch\u00fang t\u00f4i cung c\u1ea5p d\u1ecbch v\u1ee5 l\u01b0u tr\u1eef chia s\u1ebb, l\u01b0u tr\u1eef VPS v\u00e0 l\u01b0u tr\u1eef Bare Metal.\",\"breadcrumb\":{\"@id\":\"https:\\\/\\\/cloudasia.com\\\/vi\\\/cloudasia-luu-tru\\\/#breadcrumb\"},\"inLanguage\":\"vi-VN\",\"potentialAction\":[{\"@type\":\"ReadAction\",\"target\":[\"https:\\\/\\\/cloudasia.com\\\/vi\\\/cloudasia-luu-tru\\\/\"]}]},{\"@type\":\"ImageObject\",\"inLanguage\":\"vi-VN\",\"@id\":\"https:\\\/\\\/cloudasia.com\\\/vi\\\/cloudasia-luu-tru\\\/#primaryimage\",\"url\":\"https:\\\/\\\/cloudasia.com\\\/wp-content\\\/uploads\\\/2021\\\/10\\\/Group-519-1.svg\",\"contentUrl\":\"https:\\\/\\\/cloudasia.com\\\/wp-content\\\/uploads\\\/2021\\\/10\\\/Group-519-1.svg\"},{\"@type\":\"BreadcrumbList\",\"@id\":\"https:\\\/\\\/cloudasia.com\\\/vi\\\/cloudasia-luu-tru\\\/#breadcrumb\",\"itemListElement\":[{\"@type\":\"ListItem\",\"position\":1,\"name\":\"Home\",\"item\":\"https:\\\/\\\/cloudasia.com\\\/vi\\\/cloudasia-nha\\\/\"},{\"@type\":\"ListItem\",\"position\":2,\"name\":\"Shared Hosting, VPS Hosting &amp; Bare Metal Hosting | CloudAsia\"}]},{\"@type\":\"WebSite\",\"@id\":\"https:\\\/\\\/cloudasia.com\\\/vi\\\/#website\",\"url\":\"https:\\\/\\\/cloudasia.com\\\/vi\\\/\",\"name\":\"CloudAsia\",\"description\":\"Asia&#039;s premier hosting provider\",\"publisher\":{\"@id\":\"https:\\\/\\\/cloudasia.com\\\/vi\\\/#organization\"},\"potentialAction\":[{\"@type\":\"SearchAction\",\"target\":{\"@type\":\"EntryPoint\",\"urlTemplate\":\"https:\\\/\\\/cloudasia.com\\\/vi\\\/?s={search_term_string}\"},\"query-input\":{\"@type\":\"PropertyValueSpecification\",\"valueRequired\":true,\"valueName\":\"search_term_string\"}}],\"inLanguage\":\"vi-VN\"},{\"@type\":\"Organization\",\"@id\":\"https:\\\/\\\/cloudasia.com\\\/vi\\\/#organization\",\"name\":\"CloudAsia\",\"url\":\"https:\\\/\\\/cloudasia.com\\\/vi\\\/\",\"logo\":{\"@type\":\"ImageObject\",\"inLanguage\":\"vi-VN\",\"@id\":\"https:\\\/\\\/cloudasia.com\\\/vi\\\/#\\\/schema\\\/logo\\\/image\\\/\",\"url\":\"https:\\\/\\\/cloudasia.com\\\/wp-content\\\/uploads\\\/2021\\\/05\\\/Logo-500x150-1.png\",\"contentUrl\":\"https:\\\/\\\/cloudasia.com\\\/wp-content\\\/uploads\\\/2021\\\/05\\\/Logo-500x150-1.png\",\"width\":500,\"height\":149,\"caption\":\"CloudAsia\"},\"image\":{\"@id\":\"https:\\\/\\\/cloudasia.com\\\/vi\\\/#\\\/schema\\\/logo\\\/image\\\/\"},\"sameAs\":[\"https:\\\/\\\/www.facebook.com\\\/CloudAsiaHosting\",\"https:\\\/\\\/x.com\\\/CloudAsiaHost\",\"https:\\\/\\\/linkedin.com\\\/company\\\/cloudasia\"]}]}<\/script>\n<!-- \/ Yoast SEO Premium plugin. -->","yoast_head_json":{"title":"Shared Hosting, VPS Hosting &amp; Bare Metal Hosting | CloudAsia","description":"Ch\u1ecdn t\u1eeb m\u1ed9t lo\u1ea1t c\u00e1c g\u00f3i l\u01b0u tr\u1eef trang web an to\u00e0n c\u1ee7a ch\u00fang t\u00f4i. Ch\u00fang t\u00f4i cung c\u1ea5p d\u1ecbch v\u1ee5 l\u01b0u tr\u1eef chia s\u1ebb, l\u01b0u tr\u1eef VPS v\u00e0 l\u01b0u tr\u1eef Bare Metal.","robots":{"index":"index","follow":"follow","max-snippet":"max-snippet:-1","max-image-preview":"max-image-preview:large","max-video-preview":"max-video-preview:-1"},"canonical":"https:\/\/cloudasia.com\/vi\/cloudasia-luu-tru\/","og_locale":"vi_VN","og_type":"article","og_title":"Shared Hosting, VPS Hosting &amp; Bare Metal Hosting | CloudAsia","og_description":"Ch\u1ecdn t\u1eeb m\u1ed9t lo\u1ea1t c\u00e1c g\u00f3i l\u01b0u tr\u1eef trang web an to\u00e0n c\u1ee7a ch\u00fang t\u00f4i. Ch\u00fang t\u00f4i cung c\u1ea5p d\u1ecbch v\u1ee5 l\u01b0u tr\u1eef chia s\u1ebb, l\u01b0u tr\u1eef VPS v\u00e0 l\u01b0u tr\u1eef Bare Metal.","og_url":"https:\/\/cloudasia.com\/vi\/cloudasia-luu-tru\/","og_site_name":"CloudAsia","article_publisher":"https:\/\/www.facebook.com\/CloudAsiaHosting","article_modified_time":"2021-10-28T10:53:43+00:00","og_image":[{"url":"https:\/\/cloudasia.com\/wp-content\/uploads\/2021\/10\/Group-519-1.svg","type":"","width":"","height":""}],"twitter_card":"summary_large_image","twitter_site":"@CloudAsiaHost","twitter_misc":{"Est. reading time":"4 minutes"},"schema":{"@context":"https:\/\/schema.org","@graph":[{"@type":"WebPage","@id":"https:\/\/cloudasia.com\/vi\/cloudasia-luu-tru\/","url":"https:\/\/cloudasia.com\/vi\/cloudasia-luu-tru\/","name":"Shared Hosting, VPS Hosting &amp; Bare Metal Hosting | CloudAsia","isPartOf":{"@id":"https:\/\/cloudasia.com\/vi\/#website"},"primaryImageOfPage":{"@id":"https:\/\/cloudasia.com\/vi\/cloudasia-luu-tru\/#primaryimage"},"image":{"@id":"https:\/\/cloudasia.com\/vi\/cloudasia-luu-tru\/#primaryimage"},"thumbnailUrl":"https:\/\/cloudasia.com\/wp-content\/uploads\/2021\/10\/Group-519-1.svg","datePublished":"2021-10-05T04:39:11+00:00","dateModified":"2021-10-28T10:53:43+00:00","description":"Ch\u1ecdn t\u1eeb m\u1ed9t lo\u1ea1t c\u00e1c g\u00f3i l\u01b0u tr\u1eef trang web an to\u00e0n c\u1ee7a ch\u00fang t\u00f4i. Ch\u00fang t\u00f4i cung c\u1ea5p d\u1ecbch v\u1ee5 l\u01b0u tr\u1eef chia s\u1ebb, l\u01b0u tr\u1eef VPS v\u00e0 l\u01b0u tr\u1eef Bare Metal.","breadcrumb":{"@id":"https:\/\/cloudasia.com\/vi\/cloudasia-luu-tru\/#breadcrumb"},"inLanguage":"vi-VN","potentialAction":[{"@type":"ReadAction","target":["https:\/\/cloudasia.com\/vi\/cloudasia-luu-tru\/"]}]},{"@type":"ImageObject","inLanguage":"vi-VN","@id":"https:\/\/cloudasia.com\/vi\/cloudasia-luu-tru\/#primaryimage","url":"https:\/\/cloudasia.com\/wp-content\/uploads\/2021\/10\/Group-519-1.svg","contentUrl":"https:\/\/cloudasia.com\/wp-content\/uploads\/2021\/10\/Group-519-1.svg"},{"@type":"BreadcrumbList","@id":"https:\/\/cloudasia.com\/vi\/cloudasia-luu-tru\/#breadcrumb","itemListElement":[{"@type":"ListItem","position":1,"name":"Home","item":"https:\/\/cloudasia.com\/vi\/cloudasia-nha\/"},{"@type":"ListItem","position":2,"name":"Shared Hosting, VPS Hosting &amp; Bare Metal Hosting | CloudAsia"}]},{"@type":"WebSite","@id":"https:\/\/cloudasia.com\/vi\/#website","url":"https:\/\/cloudasia.com\/vi\/","name":"CloudAsia","description":"Asia&#039;s premier hosting provider","publisher":{"@id":"https:\/\/cloudasia.com\/vi\/#organization"},"potentialAction":[{"@type":"SearchAction","target":{"@type":"EntryPoint","urlTemplate":"https:\/\/cloudasia.com\/vi\/?s={search_term_string}"},"query-input":{"@type":"PropertyValueSpecification","valueRequired":true,"valueName":"search_term_string"}}],"inLanguage":"vi-VN"},{"@type":"Organization","@id":"https:\/\/cloudasia.com\/vi\/#organization","name":"CloudAsia","url":"https:\/\/cloudasia.com\/vi\/","logo":{"@type":"ImageObject","inLanguage":"vi-VN","@id":"https:\/\/cloudasia.com\/vi\/#\/schema\/logo\/image\/","url":"https:\/\/cloudasia.com\/wp-content\/uploads\/2021\/05\/Logo-500x150-1.png","contentUrl":"https:\/\/cloudasia.com\/wp-content\/uploads\/2021\/05\/Logo-500x150-1.png","width":500,"height":149,"caption":"CloudAsia"},"image":{"@id":"https:\/\/cloudasia.com\/vi\/#\/schema\/logo\/image\/"},"sameAs":["https:\/\/www.facebook.com\/CloudAsiaHosting","https:\/\/x.com\/CloudAsiaHost","https:\/\/linkedin.com\/company\/cloudasia"]}]}},"_links":{"self":[{"href":"https:\/\/cloudasia.com\/vi\/wp-json\/wp\/v2\/pages\/19511","targetHints":{"allow":["GET"]}}],"collection":[{"href":"https:\/\/cloudasia.com\/vi\/wp-json\/wp\/v2\/pages"}],"about":[{"href":"https:\/\/cloudasia.com\/vi\/wp-json\/wp\/v2\/types\/page"}],"author":[{"embeddable":true,"href":"https:\/\/cloudasia.com\/vi\/wp-json\/wp\/v2\/users\/4"}],"replies":[{"embeddable":true,"href":"https:\/\/cloudasia.com\/vi\/wp-json\/wp\/v2\/comments?post=19511"}],"version-history":[{"count":19,"href":"https:\/\/cloudasia.com\/vi\/wp-json\/wp\/v2\/pages\/19511\/revisions"}],"predecessor-version":[{"id":23995,"href":"https:\/\/cloudasia.com\/vi\/wp-json\/wp\/v2\/pages\/19511\/revisions\/23995"}],"wp:attachment":[{"href":"https:\/\/cloudasia.com\/vi\/wp-json\/wp\/v2\/media?parent=19511"}],"curies":[{"name":"wp","href":"https:\/\/api.w.org\/{rel}","templated":true}]}}