{"id":19758,"date":"2021-10-05T12:40:40","date_gmt":"2021-10-05T04:40:40","guid":{"rendered":"https:\/\/cloudasia.com\/cloudasia-luu-tru-chia-se\/"},"modified":"2021-10-28T18:53:31","modified_gmt":"2021-10-28T10:53:31","slug":"cloudasia-luu-tru-chia-se","status":"publish","type":"page","link":"https:\/\/cloudasia.com\/vi\/cloudasia-luu-tru-chia-se\/","title":{"rendered":"Hosting chia s\u1ebb | M\u1ed9t gi\u1ea3i ph\u00e1p l\u01b0u tr\u1eef gi\u00e1 c\u1ea3 ph\u1ea3i ch\u0103ng | CloudAsia"},"content":{"rendered":"\t\t<div data-elementor-type=\"wp-page\" data-elementor-id=\"19758\" class=\"elementor elementor-19758 elementor-2400\">\n\t\t\t\t\t\t<div class=\"elementor-section elementor-top-section elementor-element elementor-element-cd20e3f elementor-section-stretched elementor-section-full_width elementor-section-height-default elementor-section-height-default\" data-id=\"cd20e3f\" data-element_type=\"section\" data-e-type=\"section\" data-settings=\"{&quot;stretch_section&quot;:&quot;section-stretched&quot;,&quot;background_background&quot;:&quot;classic&quot;}\">\n\t\t\t\t\t\t\t<div class=\"elementor-background-overlay\"><\/div>\n\t\t\t\t\t\t\t<div class=\"elementor-container elementor-column-gap-default\">\n\t\t\t\t\t<div class=\"elementor-column elementor-col-100 elementor-top-column elementor-element elementor-element-c92baab\" data-id=\"c92baab\" data-element_type=\"column\" data-e-type=\"column\">\n\t\t\t<div class=\"elementor-widget-wrap elementor-element-populated\">\n\t\t\t\t\t\t<div class=\"elementor-section elementor-inner-section elementor-element elementor-element-0c96001 elementor-section-boxed elementor-section-height-default elementor-section-height-default\" data-id=\"0c96001\" data-element_type=\"section\" data-e-type=\"section\">\n\t\t\t\t\t\t<div class=\"elementor-container elementor-column-gap-default\">\n\t\t\t\t\t<div class=\"elementor-column elementor-col-50 elementor-inner-column elementor-element elementor-element-55ca892\" data-id=\"55ca892\" data-element_type=\"column\" data-e-type=\"column\">\n\t\t\t<div class=\"elementor-widget-wrap\">\n\t\t\t\t\t\t\t<\/div>\n\t\t<\/div>\n\t\t\t\t<div class=\"elementor-column elementor-col-50 elementor-inner-column elementor-element elementor-element-a29c012 elementor-invisible\" data-id=\"a29c012\" data-element_type=\"column\" data-e-type=\"column\" data-settings=\"{&quot;animation&quot;:&quot;fadeInRight&quot;}\">\n\t\t\t<div class=\"elementor-widget-wrap elementor-element-populated\">\n\t\t\t\t\t\t<div class=\"elementor-element elementor-element-d51ee21 elementor-widget elementor-widget-image\" data-id=\"d51ee21\" data-element_type=\"widget\" data-e-type=\"widget\" data-widget_type=\"image.default\">\n\t\t\t\t<div class=\"elementor-widget-container\">\n\t\t\t\t\t\t\t\t\t\t\t\t\t\t\t<img decoding=\"async\" width=\"1\" height=\"1\" data-src=\"https:\/\/cloudasia.com\/wp-content\/uploads\/2021\/08\/Group-510-1.svg\" class=\"attachment-large size-large wp-image-19090 lazyload\" alt=\"Gi\u1ea3i ph\u00e1p l\u01b0u tr\u1eef \u0111\u01b0\u1ee3c chia s\u1ebb v\u1edbi CloudAsia\" src=\"data:image\/svg+xml;base64,PHN2ZyB3aWR0aD0iMSIgaGVpZ2h0PSIxIiB4bWxucz0iaHR0cDovL3d3dy53My5vcmcvMjAwMC9zdmciPjwvc3ZnPg==\" style=\"--smush-placeholder-width: 1px; --smush-placeholder-aspect-ratio: 1\/1;\" \/>\t\t\t\t\t\t\t\t\t\t\t\t\t\t\t<\/div>\n\t\t\t\t<\/div>\n\t\t\t\t\t<\/div>\n\t\t<\/div>\n\t\t\t\t\t<\/div>\n\t\t<\/div>\n\t\t\t\t\t<\/div>\n\t\t<\/div>\n\t\t\t\t\t<\/div>\n\t\t<\/div>\n\t\t\t\t<div class=\"elementor-section elementor-top-section elementor-element elementor-element-068a64e elementor-section-full_width elementor-section-stretched elementor-section-height-default elementor-section-height-default\" data-id=\"068a64e\" data-element_type=\"section\" data-e-type=\"section\" data-settings=\"{&quot;stretch_section&quot;:&quot;section-stretched&quot;}\">\n\t\t\t\t\t\t<div class=\"elementor-container elementor-column-gap-default\">\n\t\t\t\t\t<div class=\"elementor-column elementor-col-100 elementor-top-column elementor-element elementor-element-2c26afc\" data-id=\"2c26afc\" data-element_type=\"column\" data-e-type=\"column\">\n\t\t\t<div class=\"elementor-widget-wrap elementor-element-populated\">\n\t\t\t\t\t\t<div class=\"elementor-section elementor-inner-section elementor-element elementor-element-67cdac9 elementor-section-boxed elementor-section-height-default elementor-section-height-default\" data-id=\"67cdac9\" data-element_type=\"section\" data-e-type=\"section\">\n\t\t\t\t\t\t<div class=\"elementor-container elementor-column-gap-default\">\n\t\t\t\t\t<div class=\"elementor-column elementor-col-100 elementor-inner-column elementor-element elementor-element-a90357c\" data-id=\"a90357c\" data-element_type=\"column\" data-e-type=\"column\">\n\t\t\t<div class=\"elementor-widget-wrap\">\n\t\t\t\t\t\t\t<\/div>\n\t\t<\/div>\n\t\t\t\t\t<\/div>\n\t\t<\/div>\n\t\t\t\t\t<\/div>\n\t\t<\/div>\n\t\t\t\t\t<\/div>\n\t\t<\/div>\n\t\t\t\t<div class=\"elementor-section elementor-top-section elementor-element elementor-element-aa97f7a elementor-section-full_width elementor-section-stretched elementor-section-height-default elementor-section-height-default\" data-id=\"aa97f7a\" data-element_type=\"section\" data-e-type=\"section\" data-settings=\"{&quot;stretch_section&quot;:&quot;section-stretched&quot;,&quot;background_background&quot;:&quot;classic&quot;}\">\n\t\t\t\t\t\t\t<div class=\"elementor-background-overlay\"><\/div>\n\t\t\t\t\t\t\t<div class=\"elementor-container elementor-column-gap-default\">\n\t\t\t\t\t<div class=\"elementor-column elementor-col-100 elementor-top-column elementor-element elementor-element-74552af\" data-id=\"74552af\" data-element_type=\"column\" data-e-type=\"column\">\n\t\t\t<div class=\"elementor-widget-wrap elementor-element-populated\">\n\t\t\t\t\t\t<div class=\"elementor-section elementor-inner-section elementor-element elementor-element-e9fb926 elementor-section-boxed elementor-section-height-default elementor-section-height-default\" data-id=\"e9fb926\" data-element_type=\"section\" data-e-type=\"section\">\n\t\t\t\t\t\t<div class=\"elementor-container elementor-column-gap-default\">\n\t\t\t\t\t<div class=\"elementor-column elementor-col-50 elementor-inner-column elementor-element elementor-element-9d02460\" data-id=\"9d02460\" data-element_type=\"column\" data-e-type=\"column\">\n\t\t\t<div class=\"elementor-widget-wrap\">\n\t\t\t\t\t\t\t<\/div>\n\t\t<\/div>\n\t\t\t\t<div class=\"elementor-column elementor-col-50 elementor-inner-column elementor-element elementor-element-c453c62 elementor-invisible\" data-id=\"c453c62\" data-element_type=\"column\" data-e-type=\"column\" data-settings=\"{&quot;animation&quot;:&quot;fadeInRight&quot;}\">\n\t\t\t<div class=\"elementor-widget-wrap elementor-element-populated\">\n\t\t\t\t\t\t<div class=\"elementor-element elementor-element-daeffa8 elementor-widget elementor-widget-image\" data-id=\"daeffa8\" data-element_type=\"widget\" data-e-type=\"widget\" data-widget_type=\"image.default\">\n\t\t\t\t<div class=\"elementor-widget-container\">\n\t\t\t\t\t\t\t\t\t\t\t\t\t\t\t<img decoding=\"async\" data-src=\"https:\/\/cloudasia.com\/wp-content\/uploads\/2020\/12\/Group-519-1.svg\" title=\"\" alt=\"\" src=\"data:image\/svg+xml;base64,PHN2ZyB3aWR0aD0iMSIgaGVpZ2h0PSIxIiB4bWxucz0iaHR0cDovL3d3dy53My5vcmcvMjAwMC9zdmciPjwvc3ZnPg==\" class=\"lazyload\" \/>\t\t\t\t\t\t\t\t\t\t\t\t\t\t\t<\/div>\n\t\t\t\t<\/div>\n\t\t\t\t\t<\/div>\n\t\t<\/div>\n\t\t\t\t\t<\/div>\n\t\t<\/div>\n\t\t\t\t\t<\/div>\n\t\t<\/div>\n\t\t\t\t\t<\/div>\n\t\t<\/div>\n\t\t\t\t<div class=\"elementor-section elementor-top-section elementor-element elementor-element-5d15474 elementor-section-full_width elementor-section-stretched elementor-section-height-default elementor-section-height-default\" data-id=\"5d15474\" data-element_type=\"section\" data-e-type=\"section\" id=\"sh-plans\" data-settings=\"{&quot;stretch_section&quot;:&quot;section-stretched&quot;}\">\n\t\t\t\t\t\t<div class=\"elementor-container elementor-column-gap-default\">\n\t\t\t\t\t<div class=\"elementor-column elementor-col-100 elementor-top-column elementor-element elementor-element-5491d46\" data-id=\"5491d46\" data-element_type=\"column\" data-e-type=\"column\">\n\t\t\t<div class=\"elementor-widget-wrap elementor-element-populated\">\n\t\t\t\t\t\t<div class=\"elementor-section elementor-inner-section elementor-element elementor-element-1175031 elementor-section-boxed elementor-section-height-default elementor-section-height-default\" data-id=\"1175031\" data-element_type=\"section\" data-e-type=\"section\">\n\t\t\t\t\t\t<div class=\"elementor-container elementor-column-gap-default\">\n\t\t\t\t\t<div class=\"elementor-column elementor-col-100 elementor-inner-column elementor-element elementor-element-1026916\" data-id=\"1026916\" data-element_type=\"column\" data-e-type=\"column\">\n\t\t\t<div class=\"elementor-widget-wrap\">\n\t\t\t\t\t\t\t<\/div>\n\t\t<\/div>\n\t\t\t\t\t<\/div>\n\t\t<\/div>\n\t\t\t\t<section class=\"elementor-section elementor-inner-section elementor-element elementor-element-b13795b elementor-section-boxed elementor-section-height-default elementor-section-height-default\" data-id=\"b13795b\" data-element_type=\"section\" data-e-type=\"section\" data-settings=\"{&quot;background_background&quot;:&quot;classic&quot;}\">\n\t\t\t\t\t\t<div class=\"elementor-container elementor-column-gap-default\">\n\t\t\t\t\t<div class=\"elementor-column elementor-col-20 elementor-inner-column elementor-element elementor-element-5e093f9\" data-id=\"5e093f9\" data-element_type=\"column\" data-e-type=\"column\">\n\t\t\t<div class=\"elementor-widget-wrap elementor-element-populated\">\n\t\t\t\t\t\t<div class=\"elementor-element elementor-element-193c8d8 elementor-widget elementor-widget-text-editor\" data-id=\"193c8d8\" data-element_type=\"widget\" data-e-type=\"widget\" data-widget_type=\"text-editor.default\">\n\t\t\t\t<div class=\"elementor-widget-container\">\n\t\t\t\t\t\t\t\t\t<h3 class=\"title title--regular title--size-semimedium title--weight-bold title--upper color-darkest density--small no-padding--top\">CH\u1eccN K\u1ebe HO\u1ea0CH C\u1ee6A B\u1ea0N:<\/h3>\n<p class=\"text text--size-medium color-dark\">H\u00e3y xem c\u00e1c t\u00ednh n\u0103ng c\u00f3 trong g\u00f3i c\u1ee7a ch\u00fang t\u00f4i v\u00e0 ch\u1ecdn c\u00e1i ph\u00f9 h\u1ee3p cho b\u1ea1n.<\/p>\n\t\t\t\t\t\t\t\t<\/div>\n\t\t\t\t<\/div>\n\t\t\t\t\t<\/div>\n\t\t<\/div>\n\t\t\t\t<div class=\"elementor-column elementor-col-20 elementor-inner-column elementor-element elementor-element-df6f08f\" data-id=\"df6f08f\" data-element_type=\"column\" data-e-type=\"column\">\n\t\t\t<div class=\"elementor-widget-wrap\">\n\t\t\t\t\t\t\t<\/div>\n\t\t<\/div>\n\t\t\t\t<div class=\"elementor-column elementor-col-20 elementor-inner-column elementor-element elementor-element-bbca2aa\" data-id=\"bbca2aa\" data-element_type=\"column\" data-e-type=\"column\">\n\t\t\t<div class=\"elementor-widget-wrap\">\n\t\t\t\t\t\t\t<\/div>\n\t\t<\/div>\n\t\t\t\t<div class=\"elementor-column elementor-col-20 elementor-inner-column elementor-element elementor-element-39aed90\" data-id=\"39aed90\" data-element_type=\"column\" data-e-type=\"column\">\n\t\t\t<div class=\"elementor-widget-wrap\">\n\t\t\t\t\t\t\t<\/div>\n\t\t<\/div>\n\t\t\t\t<div class=\"elementor-column elementor-col-20 elementor-inner-column elementor-element elementor-element-29e7d86\" data-id=\"29e7d86\" data-element_type=\"column\" data-e-type=\"column\">\n\t\t\t<div class=\"elementor-widget-wrap\">\n\t\t\t\t\t\t\t<\/div>\n\t\t<\/div>\n\t\t\t\t\t<\/div>\n\t\t<\/section>\n\t\t\t\t<section class=\"elementor-section elementor-inner-section elementor-element elementor-element-390eedf elementor-section-boxed elementor-section-height-default elementor-section-height-default\" data-id=\"390eedf\" data-element_type=\"section\" data-e-type=\"section\">\n\t\t\t\t\t\t<div class=\"elementor-container elementor-column-gap-default\">\n\t\t\t\t\t<div class=\"elementor-column elementor-col-100 elementor-inner-column elementor-element elementor-element-283e55f\" data-id=\"283e55f\" data-element_type=\"column\" data-e-type=\"column\">\n\t\t\t<div class=\"elementor-widget-wrap\">\n\t\t\t\t\t\t\t<\/div>\n\t\t<\/div>\n\t\t\t\t\t<\/div>\n\t\t<\/section>\n\t\t\t\t\t<\/div>\n\t\t<\/div>\n\t\t\t\t\t<\/div>\n\t\t<\/div>\n\t\t\t\t<div class=\"elementor-section elementor-top-section elementor-element elementor-element-fd8bcd4 elementor-section-stretched elementor-section-full_width elementor-section-height-default elementor-section-height-default\" data-id=\"fd8bcd4\" data-element_type=\"section\" data-e-type=\"section\" data-settings=\"{&quot;stretch_section&quot;:&quot;section-stretched&quot;,&quot;background_background&quot;:&quot;gradient&quot;}\">\n\t\t\t\t\t\t\t<div class=\"elementor-background-overlay\"><\/div>\n\t\t\t\t\t\t\t<div class=\"elementor-container elementor-column-gap-default\">\n\t\t\t\t\t<div class=\"elementor-column elementor-col-100 elementor-top-column elementor-element elementor-element-1aae124\" data-id=\"1aae124\" data-element_type=\"column\" data-e-type=\"column\">\n\t\t\t<div class=\"elementor-widget-wrap elementor-element-populated\">\n\t\t\t\t\t\t<div class=\"elementor-section elementor-inner-section elementor-element elementor-element-725cd72 elementor-section-boxed elementor-section-height-default elementor-section-height-default\" data-id=\"725cd72\" data-element_type=\"section\" data-e-type=\"section\">\n\t\t\t\t\t\t<div class=\"elementor-container elementor-column-gap-default\">\n\t\t\t\t\t<div class=\"elementor-column elementor-col-100 elementor-inner-column elementor-element elementor-element-4527705\" data-id=\"4527705\" data-element_type=\"column\" data-e-type=\"column\">\n\t\t\t<div class=\"elementor-widget-wrap\">\n\t\t\t\t\t\t\t<\/div>\n\t\t<\/div>\n\t\t\t\t\t<\/div>\n\t\t<\/div>\n\t\t\t\t\t<\/div>\n\t\t<\/div>\n\t\t\t\t\t<\/div>\n\t\t<\/div>\n\t\t\t\t<\/div>\n\t\t","protected":false},"excerpt":{"rendered":"<p>L\u01b0u tr\u1eef chia s\u1ebb v\u1edbi CloudAsia L\u00fd t\u01b0\u1edfng cho c\u00e1c doanh nghi\u1ec7p nh\u1ecf v\u00e0 c\u00e1c c\u00f4ng ty kh\u1edfi nghi\u1ec7p chia s\u1ebb l\u01b0u tr\u1eef l\u00e0 m\u1ed9t trong nh\u1eefng c\u00e1ch thu\u1eadn ti\u1ec7n v\u00e0 ti\u1ebft ki\u1ec7m nh\u1ea5t \u0111\u1ec3 \u0111\u01b0a trang web c\u1ee7a b\u1ea1n tr\u1ef1c tuy\u1ebfn. V\u1edbi b\u1ed9 l\u01b0u tr\u1eef SSD theo c\u1ee5m, c\u00e1c g\u00f3i l\u01b0u tr\u1eef \u0111\u01b0\u1ee3c chia [&hellip;]<\/p>\n","protected":false},"author":4,"featured_media":0,"parent":0,"menu_order":0,"comment_status":"closed","ping_status":"closed","template":"","meta":{"_acf_changed":false,"footnotes":""},"class_list":["post-19758","page","type-page","status-publish","hentry"],"acf":[],"yoast_head":"<!-- This site is optimized with the Yoast SEO Premium plugin v25.9 (Yoast SEO v27.5) - https:\/\/yoast.com\/product\/yoast-seo-premium-wordpress\/ -->\n<title>Hosting chia s\u1ebb | M\u1ed9t gi\u1ea3i ph\u00e1p l\u01b0u tr\u1eef gi\u00e1 c\u1ea3 ph\u1ea3i ch\u0103ng | CloudAsia<\/title>\n<meta name=\"description\" content=\"Kh\u00e1m ph\u00e1 d\u1ecbch v\u1ee5 l\u01b0u tr\u1eef \u0111\u01b0\u1ee3c chia s\u1ebb, m\u1ed9t c\u00e1ch ti\u1ebft ki\u1ec7m h\u01a1n \u0111\u1ec3 l\u01b0u tr\u1eef trang web ho\u1eb7c blog c\u1ee7a b\u1ea1n. CloudAsia cung c\u1ea5p c\u00e1c g\u00f3i l\u01b0u tr\u1eef \u0111\u01b0\u1ee3c chia s\u1ebb nhanh ch\u00f3ng, \u0111\u00e1ng tin c\u1eady v\u00e0 an to\u00e0n.\" \/>\n<meta name=\"robots\" content=\"index, follow, max-snippet:-1, max-image-preview:large, max-video-preview:-1\" \/>\n<link rel=\"canonical\" href=\"https:\/\/cloudasia.com\/vi\/cloudasia-luu-tru-chia-se\/\" \/>\n<meta property=\"og:locale\" content=\"vi_VN\" \/>\n<meta property=\"og:type\" content=\"article\" \/>\n<meta property=\"og:title\" content=\"Hosting chia s\u1ebb | M\u1ed9t gi\u1ea3i ph\u00e1p l\u01b0u tr\u1eef gi\u00e1 c\u1ea3 ph\u1ea3i ch\u0103ng | CloudAsia\" \/>\n<meta property=\"og:description\" content=\"Kh\u00e1m ph\u00e1 d\u1ecbch v\u1ee5 l\u01b0u tr\u1eef \u0111\u01b0\u1ee3c chia s\u1ebb, m\u1ed9t c\u00e1ch ti\u1ebft ki\u1ec7m h\u01a1n \u0111\u1ec3 l\u01b0u tr\u1eef trang web ho\u1eb7c blog c\u1ee7a b\u1ea1n. CloudAsia cung c\u1ea5p c\u00e1c g\u00f3i l\u01b0u tr\u1eef \u0111\u01b0\u1ee3c chia s\u1ebb nhanh ch\u00f3ng, \u0111\u00e1ng tin c\u1eady v\u00e0 an to\u00e0n.\" \/>\n<meta property=\"og:url\" content=\"https:\/\/cloudasia.com\/vi\/cloudasia-luu-tru-chia-se\/\" \/>\n<meta property=\"og:site_name\" content=\"CloudAsia\" \/>\n<meta property=\"article:publisher\" content=\"https:\/\/www.facebook.com\/CloudAsiaHosting\" \/>\n<meta property=\"article:modified_time\" content=\"2021-10-28T10:53:31+00:00\" \/>\n<meta property=\"og:image\" content=\"https:\/\/cloudasia.com\/wp-content\/uploads\/2021\/08\/Group-510-1.svg\" \/>\n<meta name=\"twitter:card\" content=\"summary_large_image\" \/>\n<meta name=\"twitter:site\" content=\"@CloudAsiaHost\" \/>\n<meta name=\"twitter:label1\" content=\"Est. reading time\" \/>\n\t<meta name=\"twitter:data1\" content=\"6 minutes\" \/>\n<script type=\"application\/ld+json\" class=\"yoast-schema-graph\">{\"@context\":\"https:\\\/\\\/schema.org\",\"@graph\":[{\"@type\":\"WebPage\",\"@id\":\"https:\\\/\\\/cloudasia.com\\\/vi\\\/cloudasia-luu-tru-chia-se\\\/\",\"url\":\"https:\\\/\\\/cloudasia.com\\\/vi\\\/cloudasia-luu-tru-chia-se\\\/\",\"name\":\"Hosting chia s\u1ebb | M\u1ed9t gi\u1ea3i ph\u00e1p l\u01b0u tr\u1eef gi\u00e1 c\u1ea3 ph\u1ea3i ch\u0103ng | CloudAsia\",\"isPartOf\":{\"@id\":\"https:\\\/\\\/cloudasia.com\\\/vi\\\/#website\"},\"primaryImageOfPage\":{\"@id\":\"https:\\\/\\\/cloudasia.com\\\/vi\\\/cloudasia-luu-tru-chia-se\\\/#primaryimage\"},\"image\":{\"@id\":\"https:\\\/\\\/cloudasia.com\\\/vi\\\/cloudasia-luu-tru-chia-se\\\/#primaryimage\"},\"thumbnailUrl\":\"https:\\\/\\\/cloudasia.com\\\/wp-content\\\/uploads\\\/2021\\\/08\\\/Group-510-1.svg\",\"datePublished\":\"2021-10-05T04:40:40+00:00\",\"dateModified\":\"2021-10-28T10:53:31+00:00\",\"description\":\"Kh\u00e1m ph\u00e1 d\u1ecbch v\u1ee5 l\u01b0u tr\u1eef \u0111\u01b0\u1ee3c chia s\u1ebb, m\u1ed9t c\u00e1ch ti\u1ebft ki\u1ec7m h\u01a1n \u0111\u1ec3 l\u01b0u tr\u1eef trang web ho\u1eb7c blog c\u1ee7a b\u1ea1n. CloudAsia cung c\u1ea5p c\u00e1c g\u00f3i l\u01b0u tr\u1eef \u0111\u01b0\u1ee3c chia s\u1ebb nhanh ch\u00f3ng, \u0111\u00e1ng tin c\u1eady v\u00e0 an to\u00e0n.\",\"breadcrumb\":{\"@id\":\"https:\\\/\\\/cloudasia.com\\\/vi\\\/cloudasia-luu-tru-chia-se\\\/#breadcrumb\"},\"inLanguage\":\"vi-VN\",\"potentialAction\":[{\"@type\":\"ReadAction\",\"target\":[\"https:\\\/\\\/cloudasia.com\\\/vi\\\/cloudasia-luu-tru-chia-se\\\/\"]}]},{\"@type\":\"ImageObject\",\"inLanguage\":\"vi-VN\",\"@id\":\"https:\\\/\\\/cloudasia.com\\\/vi\\\/cloudasia-luu-tru-chia-se\\\/#primaryimage\",\"url\":\"https:\\\/\\\/cloudasia.com\\\/wp-content\\\/uploads\\\/2021\\\/08\\\/Group-510-1.svg\",\"contentUrl\":\"https:\\\/\\\/cloudasia.com\\\/wp-content\\\/uploads\\\/2021\\\/08\\\/Group-510-1.svg\"},{\"@type\":\"BreadcrumbList\",\"@id\":\"https:\\\/\\\/cloudasia.com\\\/vi\\\/cloudasia-luu-tru-chia-se\\\/#breadcrumb\",\"itemListElement\":[{\"@type\":\"ListItem\",\"position\":1,\"name\":\"Home\",\"item\":\"https:\\\/\\\/cloudasia.com\\\/vi\\\/cloudasia-nha\\\/\"},{\"@type\":\"ListItem\",\"position\":2,\"name\":\"Hosting chia s\u1ebb | M\u1ed9t gi\u1ea3i ph\u00e1p l\u01b0u tr\u1eef gi\u00e1 c\u1ea3 ph\u1ea3i ch\u0103ng | CloudAsia\"}]},{\"@type\":\"WebSite\",\"@id\":\"https:\\\/\\\/cloudasia.com\\\/vi\\\/#website\",\"url\":\"https:\\\/\\\/cloudasia.com\\\/vi\\\/\",\"name\":\"CloudAsia\",\"description\":\"Asia&#039;s premier hosting provider\",\"publisher\":{\"@id\":\"https:\\\/\\\/cloudasia.com\\\/vi\\\/#organization\"},\"potentialAction\":[{\"@type\":\"SearchAction\",\"target\":{\"@type\":\"EntryPoint\",\"urlTemplate\":\"https:\\\/\\\/cloudasia.com\\\/vi\\\/?s={search_term_string}\"},\"query-input\":{\"@type\":\"PropertyValueSpecification\",\"valueRequired\":true,\"valueName\":\"search_term_string\"}}],\"inLanguage\":\"vi-VN\"},{\"@type\":\"Organization\",\"@id\":\"https:\\\/\\\/cloudasia.com\\\/vi\\\/#organization\",\"name\":\"CloudAsia\",\"url\":\"https:\\\/\\\/cloudasia.com\\\/vi\\\/\",\"logo\":{\"@type\":\"ImageObject\",\"inLanguage\":\"vi-VN\",\"@id\":\"https:\\\/\\\/cloudasia.com\\\/vi\\\/#\\\/schema\\\/logo\\\/image\\\/\",\"url\":\"https:\\\/\\\/cloudasia.com\\\/wp-content\\\/uploads\\\/2021\\\/05\\\/Logo-500x150-1.png\",\"contentUrl\":\"https:\\\/\\\/cloudasia.com\\\/wp-content\\\/uploads\\\/2021\\\/05\\\/Logo-500x150-1.png\",\"width\":500,\"height\":149,\"caption\":\"CloudAsia\"},\"image\":{\"@id\":\"https:\\\/\\\/cloudasia.com\\\/vi\\\/#\\\/schema\\\/logo\\\/image\\\/\"},\"sameAs\":[\"https:\\\/\\\/www.facebook.com\\\/CloudAsiaHosting\",\"https:\\\/\\\/x.com\\\/CloudAsiaHost\",\"https:\\\/\\\/linkedin.com\\\/company\\\/cloudasia\"]}]}<\/script>\n<!-- \/ Yoast SEO Premium plugin. -->","yoast_head_json":{"title":"Hosting chia s\u1ebb | M\u1ed9t gi\u1ea3i ph\u00e1p l\u01b0u tr\u1eef gi\u00e1 c\u1ea3 ph\u1ea3i ch\u0103ng | CloudAsia","description":"Kh\u00e1m ph\u00e1 d\u1ecbch v\u1ee5 l\u01b0u tr\u1eef \u0111\u01b0\u1ee3c chia s\u1ebb, m\u1ed9t c\u00e1ch ti\u1ebft ki\u1ec7m h\u01a1n \u0111\u1ec3 l\u01b0u tr\u1eef trang web ho\u1eb7c blog c\u1ee7a b\u1ea1n. CloudAsia cung c\u1ea5p c\u00e1c g\u00f3i l\u01b0u tr\u1eef \u0111\u01b0\u1ee3c chia s\u1ebb nhanh ch\u00f3ng, \u0111\u00e1ng tin c\u1eady v\u00e0 an to\u00e0n.","robots":{"index":"index","follow":"follow","max-snippet":"max-snippet:-1","max-image-preview":"max-image-preview:large","max-video-preview":"max-video-preview:-1"},"canonical":"https:\/\/cloudasia.com\/vi\/cloudasia-luu-tru-chia-se\/","og_locale":"vi_VN","og_type":"article","og_title":"Hosting chia s\u1ebb | M\u1ed9t gi\u1ea3i ph\u00e1p l\u01b0u tr\u1eef gi\u00e1 c\u1ea3 ph\u1ea3i ch\u0103ng | CloudAsia","og_description":"Kh\u00e1m ph\u00e1 d\u1ecbch v\u1ee5 l\u01b0u tr\u1eef \u0111\u01b0\u1ee3c chia s\u1ebb, m\u1ed9t c\u00e1ch ti\u1ebft ki\u1ec7m h\u01a1n \u0111\u1ec3 l\u01b0u tr\u1eef trang web ho\u1eb7c blog c\u1ee7a b\u1ea1n. CloudAsia cung c\u1ea5p c\u00e1c g\u00f3i l\u01b0u tr\u1eef \u0111\u01b0\u1ee3c chia s\u1ebb nhanh ch\u00f3ng, \u0111\u00e1ng tin c\u1eady v\u00e0 an to\u00e0n.","og_url":"https:\/\/cloudasia.com\/vi\/cloudasia-luu-tru-chia-se\/","og_site_name":"CloudAsia","article_publisher":"https:\/\/www.facebook.com\/CloudAsiaHosting","article_modified_time":"2021-10-28T10:53:31+00:00","og_image":[{"url":"https:\/\/cloudasia.com\/wp-content\/uploads\/2021\/08\/Group-510-1.svg","type":"","width":"","height":""}],"twitter_card":"summary_large_image","twitter_site":"@CloudAsiaHost","twitter_misc":{"Est. reading time":"6 minutes"},"schema":{"@context":"https:\/\/schema.org","@graph":[{"@type":"WebPage","@id":"https:\/\/cloudasia.com\/vi\/cloudasia-luu-tru-chia-se\/","url":"https:\/\/cloudasia.com\/vi\/cloudasia-luu-tru-chia-se\/","name":"Hosting chia s\u1ebb | M\u1ed9t gi\u1ea3i ph\u00e1p l\u01b0u tr\u1eef gi\u00e1 c\u1ea3 ph\u1ea3i ch\u0103ng | CloudAsia","isPartOf":{"@id":"https:\/\/cloudasia.com\/vi\/#website"},"primaryImageOfPage":{"@id":"https:\/\/cloudasia.com\/vi\/cloudasia-luu-tru-chia-se\/#primaryimage"},"image":{"@id":"https:\/\/cloudasia.com\/vi\/cloudasia-luu-tru-chia-se\/#primaryimage"},"thumbnailUrl":"https:\/\/cloudasia.com\/wp-content\/uploads\/2021\/08\/Group-510-1.svg","datePublished":"2021-10-05T04:40:40+00:00","dateModified":"2021-10-28T10:53:31+00:00","description":"Kh\u00e1m ph\u00e1 d\u1ecbch v\u1ee5 l\u01b0u tr\u1eef \u0111\u01b0\u1ee3c chia s\u1ebb, m\u1ed9t c\u00e1ch ti\u1ebft ki\u1ec7m h\u01a1n \u0111\u1ec3 l\u01b0u tr\u1eef trang web ho\u1eb7c blog c\u1ee7a b\u1ea1n. CloudAsia cung c\u1ea5p c\u00e1c g\u00f3i l\u01b0u tr\u1eef \u0111\u01b0\u1ee3c chia s\u1ebb nhanh ch\u00f3ng, \u0111\u00e1ng tin c\u1eady v\u00e0 an to\u00e0n.","breadcrumb":{"@id":"https:\/\/cloudasia.com\/vi\/cloudasia-luu-tru-chia-se\/#breadcrumb"},"inLanguage":"vi-VN","potentialAction":[{"@type":"ReadAction","target":["https:\/\/cloudasia.com\/vi\/cloudasia-luu-tru-chia-se\/"]}]},{"@type":"ImageObject","inLanguage":"vi-VN","@id":"https:\/\/cloudasia.com\/vi\/cloudasia-luu-tru-chia-se\/#primaryimage","url":"https:\/\/cloudasia.com\/wp-content\/uploads\/2021\/08\/Group-510-1.svg","contentUrl":"https:\/\/cloudasia.com\/wp-content\/uploads\/2021\/08\/Group-510-1.svg"},{"@type":"BreadcrumbList","@id":"https:\/\/cloudasia.com\/vi\/cloudasia-luu-tru-chia-se\/#breadcrumb","itemListElement":[{"@type":"ListItem","position":1,"name":"Home","item":"https:\/\/cloudasia.com\/vi\/cloudasia-nha\/"},{"@type":"ListItem","position":2,"name":"Hosting chia s\u1ebb | M\u1ed9t gi\u1ea3i ph\u00e1p l\u01b0u tr\u1eef gi\u00e1 c\u1ea3 ph\u1ea3i ch\u0103ng | CloudAsia"}]},{"@type":"WebSite","@id":"https:\/\/cloudasia.com\/vi\/#website","url":"https:\/\/cloudasia.com\/vi\/","name":"CloudAsia","description":"Asia&#039;s premier hosting provider","publisher":{"@id":"https:\/\/cloudasia.com\/vi\/#organization"},"potentialAction":[{"@type":"SearchAction","target":{"@type":"EntryPoint","urlTemplate":"https:\/\/cloudasia.com\/vi\/?s={search_term_string}"},"query-input":{"@type":"PropertyValueSpecification","valueRequired":true,"valueName":"search_term_string"}}],"inLanguage":"vi-VN"},{"@type":"Organization","@id":"https:\/\/cloudasia.com\/vi\/#organization","name":"CloudAsia","url":"https:\/\/cloudasia.com\/vi\/","logo":{"@type":"ImageObject","inLanguage":"vi-VN","@id":"https:\/\/cloudasia.com\/vi\/#\/schema\/logo\/image\/","url":"https:\/\/cloudasia.com\/wp-content\/uploads\/2021\/05\/Logo-500x150-1.png","contentUrl":"https:\/\/cloudasia.com\/wp-content\/uploads\/2021\/05\/Logo-500x150-1.png","width":500,"height":149,"caption":"CloudAsia"},"image":{"@id":"https:\/\/cloudasia.com\/vi\/#\/schema\/logo\/image\/"},"sameAs":["https:\/\/www.facebook.com\/CloudAsiaHosting","https:\/\/x.com\/CloudAsiaHost","https:\/\/linkedin.com\/company\/cloudasia"]}]}},"_links":{"self":[{"href":"https:\/\/cloudasia.com\/vi\/wp-json\/wp\/v2\/pages\/19758","targetHints":{"allow":["GET"]}}],"collection":[{"href":"https:\/\/cloudasia.com\/vi\/wp-json\/wp\/v2\/pages"}],"about":[{"href":"https:\/\/cloudasia.com\/vi\/wp-json\/wp\/v2\/types\/page"}],"author":[{"embeddable":true,"href":"https:\/\/cloudasia.com\/vi\/wp-json\/wp\/v2\/users\/4"}],"replies":[{"embeddable":true,"href":"https:\/\/cloudasia.com\/vi\/wp-json\/wp\/v2\/comments?post=19758"}],"version-history":[{"count":48,"href":"https:\/\/cloudasia.com\/vi\/wp-json\/wp\/v2\/pages\/19758\/revisions"}],"predecessor-version":[{"id":23994,"href":"https:\/\/cloudasia.com\/vi\/wp-json\/wp\/v2\/pages\/19758\/revisions\/23994"}],"wp:attachment":[{"href":"https:\/\/cloudasia.com\/vi\/wp-json\/wp\/v2\/media?parent=19758"}],"curies":[{"name":"wp","href":"https:\/\/api.w.org\/{rel}","templated":true}]}}