{"id":19774,"date":"2021-10-05T12:40:53","date_gmt":"2021-10-05T04:40:53","guid":{"rendered":"https:\/\/cloudasia.com\/cloudasia-vps-luu-tru\/"},"modified":"2025-07-18T10:53:55","modified_gmt":"2025-07-18T02:53:55","slug":"cloudasia-vps-luu-tru","status":"publish","type":"page","link":"https:\/\/cloudasia.com\/vi\/cloudasia-vps-luu-tru\/","title":{"rendered":"M\u00e1y ch\u1ee7 ri\u00eang \u1ea3o Hosting | VPS + L\u01b0u tr\u1eef | CloudAsia"},"content":{"rendered":"\t\t<div data-elementor-type=\"wp-page\" data-elementor-id=\"19774\" class=\"elementor elementor-19774 elementor-2465\">\n\t\t\t\t\t\t<div class=\"elementor-section elementor-top-section elementor-element elementor-element-a10298f elementor-section-stretched elementor-section-full_width elementor-section-height-default elementor-section-height-default\" data-id=\"a10298f\" data-element_type=\"section\" data-e-type=\"section\" data-settings=\"{&quot;stretch_section&quot;:&quot;section-stretched&quot;,&quot;background_background&quot;:&quot;classic&quot;}\">\n\t\t\t\t\t\t\t<div class=\"elementor-background-overlay\"><\/div>\n\t\t\t\t\t\t\t<div class=\"elementor-container elementor-column-gap-default\">\n\t\t\t\t\t<div class=\"elementor-column elementor-col-100 elementor-top-column elementor-element elementor-element-b4f573e\" data-id=\"b4f573e\" data-element_type=\"column\" data-e-type=\"column\">\n\t\t\t<div class=\"elementor-widget-wrap elementor-element-populated\">\n\t\t\t\t\t\t<div class=\"elementor-section elementor-inner-section elementor-element elementor-element-f502f9c elementor-section-boxed elementor-section-height-default elementor-section-height-default\" data-id=\"f502f9c\" data-element_type=\"section\" data-e-type=\"section\">\n\t\t\t\t\t\t<div class=\"elementor-container elementor-column-gap-default\">\n\t\t\t\t\t<div class=\"elementor-column elementor-col-50 elementor-inner-column elementor-element elementor-element-f434fd6\" data-id=\"f434fd6\" data-element_type=\"column\" data-e-type=\"column\">\n\t\t\t<div class=\"elementor-widget-wrap\">\n\t\t\t\t\t\t\t<\/div>\n\t\t<\/div>\n\t\t\t\t<div class=\"elementor-column elementor-col-50 elementor-inner-column elementor-element elementor-element-f78d27f elementor-invisible\" data-id=\"f78d27f\" data-element_type=\"column\" data-e-type=\"column\" data-settings=\"{&quot;animation&quot;:&quot;fadeInRight&quot;}\">\n\t\t\t<div class=\"elementor-widget-wrap elementor-element-populated\">\n\t\t\t\t\t\t<div class=\"elementor-element elementor-element-082043d elementor-widget elementor-widget-image\" data-id=\"082043d\" data-element_type=\"widget\" data-e-type=\"widget\" data-widget_type=\"image.default\">\n\t\t\t\t<div class=\"elementor-widget-container\">\n\t\t\t\t\t\t\t\t\t\t\t\t\t\t\t<img decoding=\"async\" width=\"1\" height=\"1\" data-src=\"https:\/\/cloudasia.com\/wp-content\/uploads\/2021\/08\/Group-515-1.svg\" class=\"attachment-large size-large wp-image-19025 lazyload\" alt=\"L\u01b0u tr\u1eef m\u00e1y ch\u1ee7 ri\u00eang \u1ea3o\" src=\"data:image\/svg+xml;base64,PHN2ZyB3aWR0aD0iMSIgaGVpZ2h0PSIxIiB4bWxucz0iaHR0cDovL3d3dy53My5vcmcvMjAwMC9zdmciPjwvc3ZnPg==\" style=\"--smush-placeholder-width: 1px; --smush-placeholder-aspect-ratio: 1\/1;\" \/>\t\t\t\t\t\t\t\t\t\t\t\t\t\t\t<\/div>\n\t\t\t\t<\/div>\n\t\t\t\t\t<\/div>\n\t\t<\/div>\n\t\t\t\t\t<\/div>\n\t\t<\/div>\n\t\t\t\t\t<\/div>\n\t\t<\/div>\n\t\t\t\t\t<\/div>\n\t\t<\/div>\n\t\t\t\t<div class=\"elementor-section elementor-top-section elementor-element elementor-element-af60078 elementor-section-full_width elementor-section-stretched elementor-section-height-default elementor-section-height-default\" data-id=\"af60078\" data-element_type=\"section\" data-e-type=\"section\" id=\"vps-plans\" data-settings=\"{&quot;stretch_section&quot;:&quot;section-stretched&quot;}\">\n\t\t\t\t\t\t<div class=\"elementor-container elementor-column-gap-default\">\n\t\t\t\t\t<div class=\"elementor-column elementor-col-100 elementor-top-column elementor-element elementor-element-f73270b\" data-id=\"f73270b\" data-element_type=\"column\" data-e-type=\"column\">\n\t\t\t<div class=\"elementor-widget-wrap elementor-element-populated\">\n\t\t\t\t\t\t<div class=\"elementor-section elementor-inner-section elementor-element elementor-element-efd5a36 elementor-section-boxed elementor-section-height-default elementor-section-height-default\" data-id=\"efd5a36\" data-element_type=\"section\" data-e-type=\"section\">\n\t\t\t\t\t\t<div class=\"elementor-container elementor-column-gap-default\">\n\t\t\t\t\t<div class=\"elementor-column elementor-col-100 elementor-inner-column elementor-element elementor-element-de41ad8\" data-id=\"de41ad8\" data-element_type=\"column\" data-e-type=\"column\">\n\t\t\t<div class=\"elementor-widget-wrap\">\n\t\t\t\t\t\t\t<\/div>\n\t\t<\/div>\n\t\t\t\t\t<\/div>\n\t\t<\/div>\n\t\t\t\t<section class=\"elementor-section elementor-inner-section elementor-element elementor-element-effa480 elementor-section-boxed elementor-section-height-default elementor-section-height-default\" data-id=\"effa480\" data-element_type=\"section\" data-e-type=\"section\" data-settings=\"{&quot;background_background&quot;:&quot;classic&quot;}\">\n\t\t\t\t\t\t<div class=\"elementor-container elementor-column-gap-default\">\n\t\t\t\t\t<div class=\"elementor-column elementor-col-20 elementor-inner-column elementor-element elementor-element-ea84166\" data-id=\"ea84166\" data-element_type=\"column\" data-e-type=\"column\">\n\t\t\t<div class=\"elementor-widget-wrap elementor-element-populated\">\n\t\t\t\t\t\t<div class=\"elementor-element elementor-element-1490862 elementor-widget elementor-widget-text-editor\" data-id=\"1490862\" data-element_type=\"widget\" data-e-type=\"widget\" data-widget_type=\"text-editor.default\">\n\t\t\t\t<div class=\"elementor-widget-container\">\n\t\t\t\t\t\t\t\t\t<h3 class=\"title title--regular title--size-semimedium title--weight-bold title--upper color-darkest density--small no-padding--top\">CH\u1eccN K\u1ebe HO\u1ea0CH C\u1ee6A B\u1ea0N:<\/h3>\n<p class=\"text text--size-medium color-dark\">H\u00e3y xem c\u00e1c t\u00ednh n\u0103ng c\u00f3 trong g\u00f3i c\u1ee7a ch\u00fang t\u00f4i v\u00e0 ch\u1ecdn c\u00e1i ph\u00f9 h\u1ee3p cho b\u1ea1n.<\/p>\t\t\t\t\t\t\t\t<\/div>\n\t\t\t\t<\/div>\n\t\t\t\t\t<\/div>\n\t\t<\/div>\n\t\t\t\t<div class=\"elementor-column elementor-col-20 elementor-inner-column elementor-element elementor-element-4091ab7\" data-id=\"4091ab7\" data-element_type=\"column\" data-e-type=\"column\">\n\t\t\t<div class=\"elementor-widget-wrap\">\n\t\t\t\t\t\t\t<\/div>\n\t\t<\/div>\n\t\t\t\t<div class=\"elementor-column elementor-col-20 elementor-inner-column elementor-element elementor-element-d2f7c0c\" data-id=\"d2f7c0c\" data-element_type=\"column\" data-e-type=\"column\">\n\t\t\t<div class=\"elementor-widget-wrap\">\n\t\t\t\t\t\t\t<\/div>\n\t\t<\/div>\n\t\t\t\t<div class=\"elementor-column elementor-col-20 elementor-inner-column elementor-element elementor-element-66335ac\" data-id=\"66335ac\" data-element_type=\"column\" data-e-type=\"column\">\n\t\t\t<div class=\"elementor-widget-wrap\">\n\t\t\t\t\t\t\t<\/div>\n\t\t<\/div>\n\t\t\t\t<div class=\"elementor-column elementor-col-20 elementor-inner-column elementor-element elementor-element-f17a6bc\" data-id=\"f17a6bc\" data-element_type=\"column\" data-e-type=\"column\">\n\t\t\t<div class=\"elementor-widget-wrap\">\n\t\t\t\t\t\t\t<\/div>\n\t\t<\/div>\n\t\t\t\t\t<\/div>\n\t\t<\/section>\n\t\t\t\t<section class=\"elementor-section elementor-inner-section elementor-element elementor-element-cf26191 elementor-section-boxed elementor-section-height-default elementor-section-height-default\" data-id=\"cf26191\" data-element_type=\"section\" data-e-type=\"section\">\n\t\t\t\t\t\t<div class=\"elementor-container elementor-column-gap-default\">\n\t\t\t\t\t<div class=\"elementor-column elementor-col-100 elementor-inner-column elementor-element elementor-element-a82d3ca\" data-id=\"a82d3ca\" data-element_type=\"column\" data-e-type=\"column\">\n\t\t\t<div class=\"elementor-widget-wrap\">\n\t\t\t\t\t\t\t<\/div>\n\t\t<\/div>\n\t\t\t\t\t<\/div>\n\t\t<\/section>\n\t\t\t\t<div class=\"elementor-element elementor-element-44b6903 elementor-widget elementor-widget-spacer\" data-id=\"44b6903\" data-element_type=\"widget\" data-e-type=\"widget\" data-widget_type=\"spacer.default\">\n\t\t\t\t<div class=\"elementor-widget-container\">\n\t\t\t\t\t\t\t<div class=\"elementor-spacer\">\n\t\t\t<div class=\"elementor-spacer-inner\"><\/div>\n\t\t<\/div>\n\t\t\t\t\t\t<\/div>\n\t\t\t\t<\/div>\n\t\t\t\t<section class=\"elementor-section elementor-inner-section elementor-element elementor-element-47310eb elementor-section-boxed elementor-section-height-default elementor-section-height-default\" data-id=\"47310eb\" data-element_type=\"section\" data-e-type=\"section\">\n\t\t\t\t\t\t<div class=\"elementor-container elementor-column-gap-default\">\n\t\t\t\t\t<div class=\"elementor-column elementor-col-100 elementor-inner-column elementor-element elementor-element-4d2106f\" data-id=\"4d2106f\" data-element_type=\"column\" data-e-type=\"column\">\n\t\t\t<div class=\"elementor-widget-wrap elementor-element-populated\">\n\t\t\t\t\t\t<div class=\"elementor-element elementor-element-a3f92ce elementor-widget elementor-widget-heading\" data-id=\"a3f92ce\" data-element_type=\"widget\" data-e-type=\"widget\" data-widget_type=\"heading.default\">\n\t\t\t\t<div class=\"elementor-widget-container\">\n\t\t\t\t\t<h2 class=\"elementor-heading-title elementor-size-default\">L\u1ee3i \u00edch c\u1ee7a l\u01b0u tr\u1eef m\u00e1y ch\u1ee7 ri\u00eang \u1ea3o <\/h2>\t\t\t\t<\/div>\n\t\t\t\t<\/div>\n\t\t\t\t<div class=\"elementor-element elementor-element-4732cf3 elementor-widget elementor-widget-text-editor\" data-id=\"4732cf3\" data-element_type=\"widget\" data-e-type=\"widget\" data-widget_type=\"text-editor.default\">\n\t\t\t\t<div class=\"elementor-widget-container\">\n\t\t\t\t\t\t\t\t\t<p>V\u1edbi VPS + l\u01b0u tr\u1eef c\u1ee7a CloudAsia, b\u1ea1n s\u1ebd \u0111\u01b0\u1ee3c ph\u00e2n b\u1ed5 b\u0103ng th\u00f4ng v\u00e0 dung l\u01b0\u1ee3ng l\u01b0u tr\u1eef c\u1ee7a ri\u00eang m\u00ecnh m\u00e0 b\u1ea1n s\u1ebd kh\u00f4ng ph\u1ea3i chia s\u1ebb v\u1edbi c\u00e1c c\u00f4ng ty kh\u00e1c. M\u1ed9t b\u01b0\u1edbc ti\u1ebfn t\u1eeb l\u01b0u tr\u1eef \u0111\u01b0\u1ee3c chia s\u1ebb, nh\u01b0ng ti\u1ebft ki\u1ec7m h\u01a1n so v\u1edbi vi\u1ec7c mua m\u1ed9t m\u00e1y ch\u1ee7 chuy\u00ean d\u1ee5ng, VPS + l\u01b0u tr\u1eef mang l\u1ea1i gi\u00e1 tr\u1ecb \u0111\u00e1ng \u0111\u1ed3ng ti\u1ec1n b\u00e1t g\u1ea1o. C\u00e1c k\u1ebf ho\u1ea1ch c\u1ee7a ch\u00fang t\u00f4i b\u1eaft \u0111\u1ea7u ch\u1ec9 t\u1eeb $ 8,99 m\u1ed7i th\u00e1ng v\u00e0 cung c\u1ea5p d\u1ecbch v\u1ee5 l\u01b0u tr\u1eef nhanh, \u0111\u00e1ng tin c\u1eady v\u00e0 gi\u00e1 c\u1ea3 ph\u1ea3i ch\u0103ng. Ch\u00fang t\u00f4i c\u0169ng cung c\u1ea5p \u0111\u1ea3m b\u1ea3o ho\u00e0n ti\u1ec1n trong 30 ng\u00e0y n\u1ebfu b\u1ea1n kh\u00f4ng h\u00e0i l\u00f2ng 100% v\u1edbi CloudAsia. \u0110i\u1ec1u n\u00e0y c\u00f3 ngh\u0129a l\u00e0 vi\u1ec7c l\u1ef1a ch\u1ecdn m\u1ed9t g\u00f3i m\u00e1y ch\u1ee7 ri\u00eang \u1ea3o t\u1eeb ch\u00fang t\u00f4i th\u1ef1c s\u1ef1 l\u00e0 m\u1ed9t \u0111i\u1ec1u kh\u00f4ng c\u1ea7n b\u00e0n c\u00e3i!<\/p>\n\t\t\t\t\t\t\t\t<\/div>\n\t\t\t\t<\/div>\n\t\t\t\t\t<\/div>\n\t\t<\/div>\n\t\t\t\t\t<\/div>\n\t\t<\/section>\n\t\t\t\t\t<\/div>\n\t\t<\/div>\n\t\t\t\t\t<\/div>\n\t\t<\/div>\n\t\t\t\t<div class=\"elementor-section elementor-top-section elementor-element elementor-element-de857f6 elementor-section-stretched elementor-section-full_width elementor-section-height-default elementor-section-height-default\" data-id=\"de857f6\" data-element_type=\"section\" data-e-type=\"section\" data-settings=\"{&quot;stretch_section&quot;:&quot;section-stretched&quot;,&quot;background_background&quot;:&quot;gradient&quot;}\">\n\t\t\t\t\t\t\t<div class=\"elementor-background-overlay\"><\/div>\n\t\t\t\t\t\t\t<div class=\"elementor-container elementor-column-gap-default\">\n\t\t\t\t\t<div class=\"elementor-column elementor-col-100 elementor-top-column elementor-element elementor-element-c0ab068\" data-id=\"c0ab068\" data-element_type=\"column\" data-e-type=\"column\">\n\t\t\t<div class=\"elementor-widget-wrap elementor-element-populated\">\n\t\t\t\t\t\t<div class=\"elementor-section elementor-inner-section elementor-element elementor-element-2dc05e6 elementor-section-boxed elementor-section-height-default elementor-section-height-default\" data-id=\"2dc05e6\" data-element_type=\"section\" data-e-type=\"section\">\n\t\t\t\t\t\t<div class=\"elementor-container elementor-column-gap-default\">\n\t\t\t\t\t<div class=\"elementor-column elementor-col-100 elementor-inner-column elementor-element elementor-element-e7190a1\" data-id=\"e7190a1\" data-element_type=\"column\" data-e-type=\"column\">\n\t\t\t<div class=\"elementor-widget-wrap\">\n\t\t\t\t\t\t\t<\/div>\n\t\t<\/div>\n\t\t\t\t\t<\/div>\n\t\t<\/div>\n\t\t\t\t\t<\/div>\n\t\t<\/div>\n\t\t\t\t\t<\/div>\n\t\t<\/div>\n\t\t\t\t<\/div>\n\t\t","protected":false},"excerpt":{"rendered":"<p>Virtual Private Server Hosting VPS server hosting is often a great choice for SaaS providers, programmers, game makers, and eCommerce businesses who are ready to expand their company on an international scale. Virtual private server hosting will give you a secure, reliable, and affordable backup environment. CloudAsia has automated VPS server backups to give our [&hellip;]<\/p>\n","protected":false},"author":4,"featured_media":0,"parent":0,"menu_order":0,"comment_status":"closed","ping_status":"closed","template":"","meta":{"_acf_changed":false,"footnotes":""},"class_list":["post-19774","page","type-page","status-publish","hentry"],"acf":[],"yoast_head":"<!-- This site is optimized with the Yoast SEO Premium plugin v25.9 (Yoast SEO v27.5) - https:\/\/yoast.com\/product\/yoast-seo-premium-wordpress\/ -->\n<title>M\u00e1y ch\u1ee7 ri\u00eang \u1ea3o Hosting | VPS + L\u01b0u tr\u1eef | CloudAsia<\/title>\n<meta name=\"description\" content=\"T\u1eadn d\u1ee5ng c\u00e1c k\u1ebf ho\u1ea1ch l\u01b0u tr\u1eef m\u00e1y ch\u1ee7 ri\u00eang \u1ea3o gi\u00e1 c\u1ea3 ph\u1ea3i ch\u0103ng c\u1ee7a ch\u00fang t\u00f4i. Kh\u00e1m ph\u00e1 nh\u1eefng l\u1ee3i \u00edch c\u1ee7a d\u1ecbch v\u1ee5 l\u01b0u tr\u1eef VPS v\u1edbi CloudAsia v\u00e0 \u0111\u01b0a doanh nghi\u1ec7p c\u1ee7a b\u1ea1n tr\u1ef1c tuy\u1ebfn.\" \/>\n<meta name=\"robots\" content=\"index, follow, max-snippet:-1, max-image-preview:large, max-video-preview:-1\" \/>\n<link rel=\"canonical\" href=\"https:\/\/cloudasia.com\/vi\/cloudasia-vps-luu-tru\/\" \/>\n<meta property=\"og:locale\" content=\"vi_VN\" \/>\n<meta property=\"og:type\" content=\"article\" \/>\n<meta property=\"og:title\" content=\"M\u00e1y ch\u1ee7 ri\u00eang \u1ea3o Hosting | VPS + L\u01b0u tr\u1eef | CloudAsia\" \/>\n<meta property=\"og:description\" content=\"T\u1eadn d\u1ee5ng c\u00e1c k\u1ebf ho\u1ea1ch l\u01b0u tr\u1eef m\u00e1y ch\u1ee7 ri\u00eang \u1ea3o gi\u00e1 c\u1ea3 ph\u1ea3i ch\u0103ng c\u1ee7a ch\u00fang t\u00f4i. Kh\u00e1m ph\u00e1 nh\u1eefng l\u1ee3i \u00edch c\u1ee7a d\u1ecbch v\u1ee5 l\u01b0u tr\u1eef VPS v\u1edbi CloudAsia v\u00e0 \u0111\u01b0a doanh nghi\u1ec7p c\u1ee7a b\u1ea1n tr\u1ef1c tuy\u1ebfn.\" \/>\n<meta property=\"og:url\" content=\"https:\/\/cloudasia.com\/vi\/cloudasia-vps-luu-tru\/\" \/>\n<meta property=\"og:site_name\" content=\"CloudAsia\" \/>\n<meta property=\"article:publisher\" content=\"https:\/\/www.facebook.com\/CloudAsiaHosting\" \/>\n<meta property=\"article:modified_time\" content=\"2025-07-18T02:53:55+00:00\" \/>\n<meta property=\"og:image\" content=\"https:\/\/cloudasia.com\/wp-content\/uploads\/2021\/08\/Group-515-1.svg\" \/>\n<meta name=\"twitter:card\" content=\"summary_large_image\" \/>\n<meta name=\"twitter:site\" content=\"@CloudAsiaHost\" \/>\n<meta name=\"twitter:label1\" content=\"Est. reading time\" \/>\n\t<meta name=\"twitter:data1\" content=\"5 minutes\" \/>\n<script type=\"application\/ld+json\" class=\"yoast-schema-graph\">{\"@context\":\"https:\\\/\\\/schema.org\",\"@graph\":[{\"@type\":\"WebPage\",\"@id\":\"https:\\\/\\\/cloudasia.com\\\/vi\\\/cloudasia-vps-luu-tru\\\/\",\"url\":\"https:\\\/\\\/cloudasia.com\\\/vi\\\/cloudasia-vps-luu-tru\\\/\",\"name\":\"M\u00e1y ch\u1ee7 ri\u00eang \u1ea3o Hosting | VPS + L\u01b0u tr\u1eef | CloudAsia\",\"isPartOf\":{\"@id\":\"https:\\\/\\\/cloudasia.com\\\/vi\\\/#website\"},\"primaryImageOfPage\":{\"@id\":\"https:\\\/\\\/cloudasia.com\\\/vi\\\/cloudasia-vps-luu-tru\\\/#primaryimage\"},\"image\":{\"@id\":\"https:\\\/\\\/cloudasia.com\\\/vi\\\/cloudasia-vps-luu-tru\\\/#primaryimage\"},\"thumbnailUrl\":\"https:\\\/\\\/cloudasia.com\\\/wp-content\\\/uploads\\\/2021\\\/08\\\/Group-515-1.svg\",\"datePublished\":\"2021-10-05T04:40:53+00:00\",\"dateModified\":\"2025-07-18T02:53:55+00:00\",\"description\":\"T\u1eadn d\u1ee5ng c\u00e1c k\u1ebf ho\u1ea1ch l\u01b0u tr\u1eef m\u00e1y ch\u1ee7 ri\u00eang \u1ea3o gi\u00e1 c\u1ea3 ph\u1ea3i ch\u0103ng c\u1ee7a ch\u00fang t\u00f4i. Kh\u00e1m ph\u00e1 nh\u1eefng l\u1ee3i \u00edch c\u1ee7a d\u1ecbch v\u1ee5 l\u01b0u tr\u1eef VPS v\u1edbi CloudAsia v\u00e0 \u0111\u01b0a doanh nghi\u1ec7p c\u1ee7a b\u1ea1n tr\u1ef1c tuy\u1ebfn.\",\"breadcrumb\":{\"@id\":\"https:\\\/\\\/cloudasia.com\\\/vi\\\/cloudasia-vps-luu-tru\\\/#breadcrumb\"},\"inLanguage\":\"vi-VN\",\"potentialAction\":[{\"@type\":\"ReadAction\",\"target\":[\"https:\\\/\\\/cloudasia.com\\\/vi\\\/cloudasia-vps-luu-tru\\\/\"]}]},{\"@type\":\"ImageObject\",\"inLanguage\":\"vi-VN\",\"@id\":\"https:\\\/\\\/cloudasia.com\\\/vi\\\/cloudasia-vps-luu-tru\\\/#primaryimage\",\"url\":\"https:\\\/\\\/cloudasia.com\\\/wp-content\\\/uploads\\\/2021\\\/08\\\/Group-515-1.svg\",\"contentUrl\":\"https:\\\/\\\/cloudasia.com\\\/wp-content\\\/uploads\\\/2021\\\/08\\\/Group-515-1.svg\"},{\"@type\":\"BreadcrumbList\",\"@id\":\"https:\\\/\\\/cloudasia.com\\\/vi\\\/cloudasia-vps-luu-tru\\\/#breadcrumb\",\"itemListElement\":[{\"@type\":\"ListItem\",\"position\":1,\"name\":\"Home\",\"item\":\"https:\\\/\\\/cloudasia.com\\\/vi\\\/cloudasia-nha\\\/\"},{\"@type\":\"ListItem\",\"position\":2,\"name\":\"M\u00e1y ch\u1ee7 ri\u00eang \u1ea3o Hosting | VPS + L\u01b0u tr\u1eef | CloudAsia\"}]},{\"@type\":\"WebSite\",\"@id\":\"https:\\\/\\\/cloudasia.com\\\/vi\\\/#website\",\"url\":\"https:\\\/\\\/cloudasia.com\\\/vi\\\/\",\"name\":\"CloudAsia\",\"description\":\"Asia&#039;s premier hosting provider\",\"publisher\":{\"@id\":\"https:\\\/\\\/cloudasia.com\\\/vi\\\/#organization\"},\"potentialAction\":[{\"@type\":\"SearchAction\",\"target\":{\"@type\":\"EntryPoint\",\"urlTemplate\":\"https:\\\/\\\/cloudasia.com\\\/vi\\\/?s={search_term_string}\"},\"query-input\":{\"@type\":\"PropertyValueSpecification\",\"valueRequired\":true,\"valueName\":\"search_term_string\"}}],\"inLanguage\":\"vi-VN\"},{\"@type\":\"Organization\",\"@id\":\"https:\\\/\\\/cloudasia.com\\\/vi\\\/#organization\",\"name\":\"CloudAsia\",\"url\":\"https:\\\/\\\/cloudasia.com\\\/vi\\\/\",\"logo\":{\"@type\":\"ImageObject\",\"inLanguage\":\"vi-VN\",\"@id\":\"https:\\\/\\\/cloudasia.com\\\/vi\\\/#\\\/schema\\\/logo\\\/image\\\/\",\"url\":\"https:\\\/\\\/cloudasia.com\\\/wp-content\\\/uploads\\\/2021\\\/05\\\/Logo-500x150-1.png\",\"contentUrl\":\"https:\\\/\\\/cloudasia.com\\\/wp-content\\\/uploads\\\/2021\\\/05\\\/Logo-500x150-1.png\",\"width\":500,\"height\":149,\"caption\":\"CloudAsia\"},\"image\":{\"@id\":\"https:\\\/\\\/cloudasia.com\\\/vi\\\/#\\\/schema\\\/logo\\\/image\\\/\"},\"sameAs\":[\"https:\\\/\\\/www.facebook.com\\\/CloudAsiaHosting\",\"https:\\\/\\\/x.com\\\/CloudAsiaHost\",\"https:\\\/\\\/linkedin.com\\\/company\\\/cloudasia\"]}]}<\/script>\n<!-- \/ Yoast SEO Premium plugin. -->","yoast_head_json":{"title":"M\u00e1y ch\u1ee7 ri\u00eang \u1ea3o Hosting | VPS + L\u01b0u tr\u1eef | CloudAsia","description":"T\u1eadn d\u1ee5ng c\u00e1c k\u1ebf ho\u1ea1ch l\u01b0u tr\u1eef m\u00e1y ch\u1ee7 ri\u00eang \u1ea3o gi\u00e1 c\u1ea3 ph\u1ea3i ch\u0103ng c\u1ee7a ch\u00fang t\u00f4i. Kh\u00e1m ph\u00e1 nh\u1eefng l\u1ee3i \u00edch c\u1ee7a d\u1ecbch v\u1ee5 l\u01b0u tr\u1eef VPS v\u1edbi CloudAsia v\u00e0 \u0111\u01b0a doanh nghi\u1ec7p c\u1ee7a b\u1ea1n tr\u1ef1c tuy\u1ebfn.","robots":{"index":"index","follow":"follow","max-snippet":"max-snippet:-1","max-image-preview":"max-image-preview:large","max-video-preview":"max-video-preview:-1"},"canonical":"https:\/\/cloudasia.com\/vi\/cloudasia-vps-luu-tru\/","og_locale":"vi_VN","og_type":"article","og_title":"M\u00e1y ch\u1ee7 ri\u00eang \u1ea3o Hosting | VPS + L\u01b0u tr\u1eef | CloudAsia","og_description":"T\u1eadn d\u1ee5ng c\u00e1c k\u1ebf ho\u1ea1ch l\u01b0u tr\u1eef m\u00e1y ch\u1ee7 ri\u00eang \u1ea3o gi\u00e1 c\u1ea3 ph\u1ea3i ch\u0103ng c\u1ee7a ch\u00fang t\u00f4i. Kh\u00e1m ph\u00e1 nh\u1eefng l\u1ee3i \u00edch c\u1ee7a d\u1ecbch v\u1ee5 l\u01b0u tr\u1eef VPS v\u1edbi CloudAsia v\u00e0 \u0111\u01b0a doanh nghi\u1ec7p c\u1ee7a b\u1ea1n tr\u1ef1c tuy\u1ebfn.","og_url":"https:\/\/cloudasia.com\/vi\/cloudasia-vps-luu-tru\/","og_site_name":"CloudAsia","article_publisher":"https:\/\/www.facebook.com\/CloudAsiaHosting","article_modified_time":"2025-07-18T02:53:55+00:00","og_image":[{"url":"https:\/\/cloudasia.com\/wp-content\/uploads\/2021\/08\/Group-515-1.svg","type":"","width":"","height":""}],"twitter_card":"summary_large_image","twitter_site":"@CloudAsiaHost","twitter_misc":{"Est. reading time":"5 minutes"},"schema":{"@context":"https:\/\/schema.org","@graph":[{"@type":"WebPage","@id":"https:\/\/cloudasia.com\/vi\/cloudasia-vps-luu-tru\/","url":"https:\/\/cloudasia.com\/vi\/cloudasia-vps-luu-tru\/","name":"M\u00e1y ch\u1ee7 ri\u00eang \u1ea3o Hosting | VPS + L\u01b0u tr\u1eef | CloudAsia","isPartOf":{"@id":"https:\/\/cloudasia.com\/vi\/#website"},"primaryImageOfPage":{"@id":"https:\/\/cloudasia.com\/vi\/cloudasia-vps-luu-tru\/#primaryimage"},"image":{"@id":"https:\/\/cloudasia.com\/vi\/cloudasia-vps-luu-tru\/#primaryimage"},"thumbnailUrl":"https:\/\/cloudasia.com\/wp-content\/uploads\/2021\/08\/Group-515-1.svg","datePublished":"2021-10-05T04:40:53+00:00","dateModified":"2025-07-18T02:53:55+00:00","description":"T\u1eadn d\u1ee5ng c\u00e1c k\u1ebf ho\u1ea1ch l\u01b0u tr\u1eef m\u00e1y ch\u1ee7 ri\u00eang \u1ea3o gi\u00e1 c\u1ea3 ph\u1ea3i ch\u0103ng c\u1ee7a ch\u00fang t\u00f4i. Kh\u00e1m ph\u00e1 nh\u1eefng l\u1ee3i \u00edch c\u1ee7a d\u1ecbch v\u1ee5 l\u01b0u tr\u1eef VPS v\u1edbi CloudAsia v\u00e0 \u0111\u01b0a doanh nghi\u1ec7p c\u1ee7a b\u1ea1n tr\u1ef1c tuy\u1ebfn.","breadcrumb":{"@id":"https:\/\/cloudasia.com\/vi\/cloudasia-vps-luu-tru\/#breadcrumb"},"inLanguage":"vi-VN","potentialAction":[{"@type":"ReadAction","target":["https:\/\/cloudasia.com\/vi\/cloudasia-vps-luu-tru\/"]}]},{"@type":"ImageObject","inLanguage":"vi-VN","@id":"https:\/\/cloudasia.com\/vi\/cloudasia-vps-luu-tru\/#primaryimage","url":"https:\/\/cloudasia.com\/wp-content\/uploads\/2021\/08\/Group-515-1.svg","contentUrl":"https:\/\/cloudasia.com\/wp-content\/uploads\/2021\/08\/Group-515-1.svg"},{"@type":"BreadcrumbList","@id":"https:\/\/cloudasia.com\/vi\/cloudasia-vps-luu-tru\/#breadcrumb","itemListElement":[{"@type":"ListItem","position":1,"name":"Home","item":"https:\/\/cloudasia.com\/vi\/cloudasia-nha\/"},{"@type":"ListItem","position":2,"name":"M\u00e1y ch\u1ee7 ri\u00eang \u1ea3o Hosting | VPS + L\u01b0u tr\u1eef | CloudAsia"}]},{"@type":"WebSite","@id":"https:\/\/cloudasia.com\/vi\/#website","url":"https:\/\/cloudasia.com\/vi\/","name":"CloudAsia","description":"Asia&#039;s premier hosting provider","publisher":{"@id":"https:\/\/cloudasia.com\/vi\/#organization"},"potentialAction":[{"@type":"SearchAction","target":{"@type":"EntryPoint","urlTemplate":"https:\/\/cloudasia.com\/vi\/?s={search_term_string}"},"query-input":{"@type":"PropertyValueSpecification","valueRequired":true,"valueName":"search_term_string"}}],"inLanguage":"vi-VN"},{"@type":"Organization","@id":"https:\/\/cloudasia.com\/vi\/#organization","name":"CloudAsia","url":"https:\/\/cloudasia.com\/vi\/","logo":{"@type":"ImageObject","inLanguage":"vi-VN","@id":"https:\/\/cloudasia.com\/vi\/#\/schema\/logo\/image\/","url":"https:\/\/cloudasia.com\/wp-content\/uploads\/2021\/05\/Logo-500x150-1.png","contentUrl":"https:\/\/cloudasia.com\/wp-content\/uploads\/2021\/05\/Logo-500x150-1.png","width":500,"height":149,"caption":"CloudAsia"},"image":{"@id":"https:\/\/cloudasia.com\/vi\/#\/schema\/logo\/image\/"},"sameAs":["https:\/\/www.facebook.com\/CloudAsiaHosting","https:\/\/x.com\/CloudAsiaHost","https:\/\/linkedin.com\/company\/cloudasia"]}]}},"_links":{"self":[{"href":"https:\/\/cloudasia.com\/vi\/wp-json\/wp\/v2\/pages\/19774","targetHints":{"allow":["GET"]}}],"collection":[{"href":"https:\/\/cloudasia.com\/vi\/wp-json\/wp\/v2\/pages"}],"about":[{"href":"https:\/\/cloudasia.com\/vi\/wp-json\/wp\/v2\/types\/page"}],"author":[{"embeddable":true,"href":"https:\/\/cloudasia.com\/vi\/wp-json\/wp\/v2\/users\/4"}],"replies":[{"embeddable":true,"href":"https:\/\/cloudasia.com\/vi\/wp-json\/wp\/v2\/comments?post=19774"}],"version-history":[{"count":27,"href":"https:\/\/cloudasia.com\/vi\/wp-json\/wp\/v2\/pages\/19774\/revisions"}],"predecessor-version":[{"id":26202,"href":"https:\/\/cloudasia.com\/vi\/wp-json\/wp\/v2\/pages\/19774\/revisions\/26202"}],"wp:attachment":[{"href":"https:\/\/cloudasia.com\/vi\/wp-json\/wp\/v2\/media?parent=19774"}],"curies":[{"name":"wp","href":"https:\/\/api.w.org\/{rel}","templated":true}]}}